{"id":34695,"date":"2024-02-22T12:30:42","date_gmt":"2024-02-22T11:30:42","guid":{"rendered":"https:\/\/pop-co.fr\/index.php\/product\/porte-cles-pop-naruto-uchiha-itachi\/"},"modified":"2024-05-10T13:52:17","modified_gmt":"2024-05-10T11:52:17","slug":"porte-cles-pop-naruto-uchiha-itachi","status":"publish","type":"product","link":"https:\/\/pop-co.fr\/index.php\/product\/porte-cles-pop-naruto-uchiha-itachi\/","title":{"rendered":"PORTE CLES POP &#8211; NARUTO &#8211; Uchiha Itachi"},"content":{"rendered":"<p>En tant que shinobi exp\u00e9riment\u00e9 de l&rsquo;Anbu, le porte-cl\u00e9s Pop ! Itachi Uchiha est pr\u00eat \u00e0 tout pour prot\u00e9ger son petit fr\u00e8re, Sasuke. Compl\u00e8te ta collection Naruto : Shippuden en l&rsquo;accueillant dans ton \u00e9quipe.<\/p>\n","protected":false},"excerpt":{"rendered":"<p>En tant que shinobi exp\u00e9riment\u00e9 de l&rsquo;Anbu, le porte-cl\u00e9s Pop ! Itachi Uchiha est pr\u00eat \u00e0 tout pour prot\u00e9ger son petit fr\u00e8re, Sasuke. Compl\u00e8te ta collection Naruto : Shippuden en l&rsquo;accueillant dans ton \u00e9quipe.<\/p>\n","protected":false},"featured_media":36953,"comment_status":"open","ping_status":"closed","template":"","meta":[],"product_cat":[17,21],"product_tag":[],"aioseo_notices":[],"jetpack_sharing_enabled":true,"_links":{"self":[{"href":"https:\/\/pop-co.fr\/index.php\/wp-json\/wp\/v2\/product\/34695"}],"collection":[{"href":"https:\/\/pop-co.fr\/index.php\/wp-json\/wp\/v2\/product"}],"about":[{"href":"https:\/\/pop-co.fr\/index.php\/wp-json\/wp\/v2\/types\/product"}],"replies":[{"embeddable":true,"href":"https:\/\/pop-co.fr\/index.php\/wp-json\/wp\/v2\/comments?post=34695"}],"version-history":[{"count":0,"href":"https:\/\/pop-co.fr\/index.php\/wp-json\/wp\/v2\/product\/34695\/revisions"}],"wp:featuredmedia":[{"embeddable":true,"href":"https:\/\/pop-co.fr\/index.php\/wp-json\/wp\/v2\/media\/36953"}],"wp:attachment":[{"href":"https:\/\/pop-co.fr\/index.php\/wp-json\/wp\/v2\/media?parent=34695"}],"wp:term":[{"taxonomy":"product_cat","embeddable":true,"href":"https:\/\/pop-co.fr\/index.php\/wp-json\/wp\/v2\/product_cat?post=34695"},{"taxonomy":"product_tag","embeddable":true,"href":"https:\/\/pop-co.fr\/index.php\/wp-json\/wp\/v2\/product_tag?post=34695"}],"curies":[{"name":"wp","href":"https:\/\/api.w.org\/{rel}","templated":true}]}}