{"id":34700,"date":"2024-02-22T12:30:46","date_gmt":"2024-02-22T11:30:46","guid":{"rendered":"https:\/\/pop-co.fr\/index.php\/product\/sac-a-dos-spy-x-family-anya-forger\/"},"modified":"2025-06-28T13:04:40","modified_gmt":"2025-06-28T11:04:40","slug":"sac-a-dos-spy-x-family-anya-forger","status":"publish","type":"product","link":"https:\/\/pop-co.fr\/index.php\/product\/sac-a-dos-spy-x-family-anya-forger\/","title":{"rendered":"SAC A DOS &#8211; SPY X FAMILY &#8211; Anya Forger"},"content":{"rendered":"<p>Spy x Family Mini sac \u00e0 dos en PU rose Anya avec cornes<\/p>\n<p>Le mini-sac \u00e0 dos Anya en PU rose avec cornes de Spy x Family est un choix de premier ordre pour sa durabilit\u00e9 et son design original.<\/p>\n<p>Avec une mani\u00e8re \u00e9l\u00e9gante et amusante de transporter vos affaires, ce sac \u00e0 dos ne manquera pas d&rsquo;attirer l&rsquo;attention de toute personne \u00e0 la pointe de la mode.<\/p>\n","protected":false},"excerpt":{"rendered":"<p>Spy x Family Mini sac \u00e0 dos en PU rose Anya avec cornes Le mini-sac \u00e0 dos Anya en PU rose avec cornes de Spy x Family est un choix de premier ordre pour sa durabilit\u00e9 et son design original. Avec une mani\u00e8re \u00e9l\u00e9gante et amusante de transporter vos affaires, ce sac \u00e0 dos ne [&hellip;]<\/p>\n","protected":false},"featured_media":148716,"comment_status":"open","ping_status":"closed","template":"","meta":[],"product_cat":[47,70],"product_tag":[],"aioseo_notices":[],"jetpack_sharing_enabled":true,"_links":{"self":[{"href":"https:\/\/pop-co.fr\/index.php\/wp-json\/wp\/v2\/product\/34700"}],"collection":[{"href":"https:\/\/pop-co.fr\/index.php\/wp-json\/wp\/v2\/product"}],"about":[{"href":"https:\/\/pop-co.fr\/index.php\/wp-json\/wp\/v2\/types\/product"}],"replies":[{"embeddable":true,"href":"https:\/\/pop-co.fr\/index.php\/wp-json\/wp\/v2\/comments?post=34700"}],"version-history":[{"count":0,"href":"https:\/\/pop-co.fr\/index.php\/wp-json\/wp\/v2\/product\/34700\/revisions"}],"wp:featuredmedia":[{"embeddable":true,"href":"https:\/\/pop-co.fr\/index.php\/wp-json\/wp\/v2\/media\/148716"}],"wp:attachment":[{"href":"https:\/\/pop-co.fr\/index.php\/wp-json\/wp\/v2\/media?parent=34700"}],"wp:term":[{"taxonomy":"product_cat","embeddable":true,"href":"https:\/\/pop-co.fr\/index.php\/wp-json\/wp\/v2\/product_cat?post=34700"},{"taxonomy":"product_tag","embeddable":true,"href":"https:\/\/pop-co.fr\/index.php\/wp-json\/wp\/v2\/product_tag?post=34700"}],"curies":[{"name":"wp","href":"https:\/\/api.w.org\/{rel}","templated":true}]}}