{"id":347475,"date":"2025-05-30T15:49:57","date_gmt":"2025-05-30T13:49:57","guid":{"rendered":"https:\/\/pop-co.fr\/index.php\/product\/puku-puku-tai-snack-chocolat\/"},"modified":"2025-06-10T15:10:04","modified_gmt":"2025-06-10T13:10:04","slug":"puku-puku-tai-snack-chocolat","status":"publish","type":"product","link":"https:\/\/pop-co.fr\/index.php\/product\/puku-puku-tai-snack-chocolat\/","title":{"rendered":"PUKU PUKU TAI &#8211; SNACK &#8211; Chocolat"},"content":{"rendered":"<p>Ingr\u00e9dients :<br \/>\nChocolat (sucre, lait entier en poudre, huile v\u00e9g\u00e9tale, beurre de cacao, p\u00e2te de cacao, lactose, \u00e9mulsifiant, ar\u00f4me), gaufrette (farine de bl\u00e9, amidon, sucre, farine de ma\u00efs, huile v\u00e9g\u00e9tale, sel, calcium de coquille, \u00e9mulsifiants, colorants (caramel, rocou) , un agent levant (contient des graines de soja crues)<\/p>\n<p>Allerg\u00e8nes :<br \/>\nBl\u00e9, lait, cacao<\/p>\n<p>Informations nutritionnelles (pour 16.5g \/ 1 gaufrette) :<br \/>\nCalories : 88kcal<br \/>\nProt\u00e9ines : 1.00g<br \/>\nLipides : 4.70g<br \/>\nGlucides : 10.30g<br \/>\nSodium : 24mg<br \/>\nCalcium : 40mg<\/p>\n<p>Mode de conservation :<br \/>\nA conserver \u00e0 l&rsquo;abri du soleil, de l&rsquo;humidit\u00e9 et dans un endroit frais.<\/p>\n","protected":false},"excerpt":{"rendered":"<p>Ingr\u00e9dients : Chocolat (sucre, lait entier en poudre, huile v\u00e9g\u00e9tale, beurre de cacao, p\u00e2te de cacao, lactose, \u00e9mulsifiant, ar\u00f4me), gaufrette (farine de bl\u00e9, amidon, sucre, farine de ma\u00efs, huile v\u00e9g\u00e9tale, sel, calcium de coquille, \u00e9mulsifiants, colorants (caramel, rocou) , un agent levant (contient des graines de soja crues) Allerg\u00e8nes : Bl\u00e9, lait, cacao Informations nutritionnelles [&hellip;]<\/p>\n","protected":false},"featured_media":347807,"comment_status":"open","ping_status":"closed","template":"","meta":[],"product_cat":[77],"product_tag":[],"aioseo_notices":[],"jetpack_sharing_enabled":true,"_links":{"self":[{"href":"https:\/\/pop-co.fr\/index.php\/wp-json\/wp\/v2\/product\/347475"}],"collection":[{"href":"https:\/\/pop-co.fr\/index.php\/wp-json\/wp\/v2\/product"}],"about":[{"href":"https:\/\/pop-co.fr\/index.php\/wp-json\/wp\/v2\/types\/product"}],"replies":[{"embeddable":true,"href":"https:\/\/pop-co.fr\/index.php\/wp-json\/wp\/v2\/comments?post=347475"}],"version-history":[{"count":0,"href":"https:\/\/pop-co.fr\/index.php\/wp-json\/wp\/v2\/product\/347475\/revisions"}],"wp:featuredmedia":[{"embeddable":true,"href":"https:\/\/pop-co.fr\/index.php\/wp-json\/wp\/v2\/media\/347807"}],"wp:attachment":[{"href":"https:\/\/pop-co.fr\/index.php\/wp-json\/wp\/v2\/media?parent=347475"}],"wp:term":[{"taxonomy":"product_cat","embeddable":true,"href":"https:\/\/pop-co.fr\/index.php\/wp-json\/wp\/v2\/product_cat?post=347475"},{"taxonomy":"product_tag","embeddable":true,"href":"https:\/\/pop-co.fr\/index.php\/wp-json\/wp\/v2\/product_tag?post=347475"}],"curies":[{"name":"wp","href":"https:\/\/api.w.org\/{rel}","templated":true}]}}