{"id":347762,"date":"2025-06-10T10:32:56","date_gmt":"2025-06-10T08:32:56","guid":{"rendered":"https:\/\/pop-co.fr\/index.php\/product\/verres-x3-pokemon\/"},"modified":"2025-06-28T11:45:17","modified_gmt":"2025-06-28T09:45:17","slug":"verres-x3-pokemon","status":"publish","type":"product","link":"https:\/\/pop-co.fr\/index.php\/product\/verres-x3-pokemon\/","title":{"rendered":"VERRES X3 &#8211; Pokemon"},"content":{"rendered":"<p>Profitez d\u2019un verre avec les compagnons de d\u00e9part, Bulbizarre, Salam\u00e8che et Carapuce de la r\u00e9gion de Kanto dans Pok\u00e9mon avec ce set de 3 verres par ABYstyle. <\/p>\n<p>&#8211; 3 verres de haute qualit\u00e9.<br \/>\n&#8211; Contenance : 29 cl.<br \/>\n&#8211; Tenue d&rsquo;impression exceptionnelle : r\u00e9siste \u00e0 plus de 700 cycles au lave-vaisselle.<br \/>\n&#8211; Dimensions : Hauteur 14 cm &#8211; Diam\u00e8tre 6 cm.<\/p>\n","protected":false},"excerpt":{"rendered":"<p>Profitez d\u2019un verre avec les compagnons de d\u00e9part, Bulbizarre, Salam\u00e8che et Carapuce de la r\u00e9gion de Kanto dans Pok\u00e9mon avec ce set de 3 verres par ABYstyle. &#8211; 3 verres de haute qualit\u00e9. &#8211; Contenance : 29 cl. &#8211; Tenue d&rsquo;impression exceptionnelle : r\u00e9siste \u00e0 plus de 700 cycles au lave-vaisselle. &#8211; Dimensions : Hauteur [&hellip;]<\/p>\n","protected":false},"featured_media":347758,"comment_status":"open","ping_status":"closed","template":"","meta":[],"product_cat":[34,20],"product_tag":[],"aioseo_notices":[],"jetpack_sharing_enabled":true,"_links":{"self":[{"href":"https:\/\/pop-co.fr\/index.php\/wp-json\/wp\/v2\/product\/347762"}],"collection":[{"href":"https:\/\/pop-co.fr\/index.php\/wp-json\/wp\/v2\/product"}],"about":[{"href":"https:\/\/pop-co.fr\/index.php\/wp-json\/wp\/v2\/types\/product"}],"replies":[{"embeddable":true,"href":"https:\/\/pop-co.fr\/index.php\/wp-json\/wp\/v2\/comments?post=347762"}],"version-history":[{"count":0,"href":"https:\/\/pop-co.fr\/index.php\/wp-json\/wp\/v2\/product\/347762\/revisions"}],"wp:featuredmedia":[{"embeddable":true,"href":"https:\/\/pop-co.fr\/index.php\/wp-json\/wp\/v2\/media\/347758"}],"wp:attachment":[{"href":"https:\/\/pop-co.fr\/index.php\/wp-json\/wp\/v2\/media?parent=347762"}],"wp:term":[{"taxonomy":"product_cat","embeddable":true,"href":"https:\/\/pop-co.fr\/index.php\/wp-json\/wp\/v2\/product_cat?post=347762"},{"taxonomy":"product_tag","embeddable":true,"href":"https:\/\/pop-co.fr\/index.php\/wp-json\/wp\/v2\/product_tag?post=347762"}],"curies":[{"name":"wp","href":"https:\/\/api.w.org\/{rel}","templated":true}]}}