{"id":347803,"date":"2025-06-10T15:09:56","date_gmt":"2025-06-10T13:09:56","guid":{"rendered":"https:\/\/pop-co.fr\/index.php\/product\/mochi-stick-snack-fleurs-de-cerisier-et-haricots-rouges-150g\/"},"modified":"2025-09-20T19:12:34","modified_gmt":"2025-09-20T17:12:34","slug":"mochi-stick-snack-fleurs-de-cerisier-et-haricots-rouges-150g","status":"publish","type":"product","link":"https:\/\/pop-co.fr\/index.php\/product\/mochi-stick-snack-fleurs-de-cerisier-et-haricots-rouges-150g\/","title":{"rendered":"MOCHI STICK &#8211; SNACK &#8211; Fleurs de cerisier et haricots rouges 150g"},"content":{"rendered":"<p>Des mochis roll aux fleurs de cerisier et haricots rouge !<\/p>\n<p>Ingr\u00e9dients :  Maltose, sucre, riz gluant, p\u00e2te de haricot rouge<br \/>\n(16.84%) (haricot rouge, sucre, maltose, huile de soja), \u00e9paississant<br \/>\nE1442, huile de palme, tr\u00e9halose, colorant E162, ar\u00f4me fleurs de<br \/>\ncerisier, \u00e9mulsifiant E471, conservateur E202<\/p>\n<p>A consommer rapidement car apr\u00e8s ouverture, ils peuvent se dess\u00e9cher<br \/>\nrapidement.<\/p>\n","protected":false},"excerpt":{"rendered":"<p>Des mochis roll aux fleurs de cerisier et haricots rouge ! Ingr\u00e9dients : Maltose, sucre, riz gluant, p\u00e2te de haricot rouge (16.84%) (haricot rouge, sucre, maltose, huile de soja), \u00e9paississant E1442, huile de palme, tr\u00e9halose, colorant E162, ar\u00f4me fleurs de cerisier, \u00e9mulsifiant E471, conservateur E202 A consommer rapidement car apr\u00e8s ouverture, ils peuvent se dess\u00e9cher [&hellip;]<\/p>\n","protected":false},"featured_media":358730,"comment_status":"open","ping_status":"closed","template":"","meta":[],"product_cat":[77],"product_tag":[],"aioseo_notices":[],"jetpack_sharing_enabled":true,"_links":{"self":[{"href":"https:\/\/pop-co.fr\/index.php\/wp-json\/wp\/v2\/product\/347803"}],"collection":[{"href":"https:\/\/pop-co.fr\/index.php\/wp-json\/wp\/v2\/product"}],"about":[{"href":"https:\/\/pop-co.fr\/index.php\/wp-json\/wp\/v2\/types\/product"}],"replies":[{"embeddable":true,"href":"https:\/\/pop-co.fr\/index.php\/wp-json\/wp\/v2\/comments?post=347803"}],"version-history":[{"count":0,"href":"https:\/\/pop-co.fr\/index.php\/wp-json\/wp\/v2\/product\/347803\/revisions"}],"wp:featuredmedia":[{"embeddable":true,"href":"https:\/\/pop-co.fr\/index.php\/wp-json\/wp\/v2\/media\/358730"}],"wp:attachment":[{"href":"https:\/\/pop-co.fr\/index.php\/wp-json\/wp\/v2\/media?parent=347803"}],"wp:term":[{"taxonomy":"product_cat","embeddable":true,"href":"https:\/\/pop-co.fr\/index.php\/wp-json\/wp\/v2\/product_cat?post=347803"},{"taxonomy":"product_tag","embeddable":true,"href":"https:\/\/pop-co.fr\/index.php\/wp-json\/wp\/v2\/product_tag?post=347803"}],"curies":[{"name":"wp","href":"https:\/\/api.w.org\/{rel}","templated":true}]}}