{"id":347969,"date":"2025-06-10T15:57:38","date_gmt":"2025-06-10T13:57:38","guid":{"rendered":"https:\/\/pop-co.fr\/index.php\/product\/mini-katana-demon-slayer-rengoku-kyojuro\/"},"modified":"2025-09-19T12:21:28","modified_gmt":"2025-09-19T10:21:28","slug":"mini-katana-demon-slayer-rengoku-kyojuro","status":"publish","type":"product","link":"https:\/\/pop-co.fr\/index.php\/product\/mini-katana-demon-slayer-rengoku-kyojuro\/","title":{"rendered":"MINI KATANA &#8211; DEMON SLAYER &#8211; Rengoku Kyojuro"},"content":{"rendered":"<p>Mini katana du personnage far demon slayer \u00ab\u00a0Ky\u014djur\u014d Rengoku\u00a0\u00bb<\/p>\n<p>Longueur : 43 cm<br \/>\nPoids : 240 g<br \/>\nLame en acier d\u00e9cor\u00e9<br \/>\nFourreau noir d\u00e9cor\u00e9<br \/>\nPoign\u00e9e recouverte d\u2019une tresse en coton noir<\/p>\n","protected":false},"excerpt":{"rendered":"<p>Mini katana du personnage far demon slayer \u00ab\u00a0Ky\u014djur\u014d Rengoku\u00a0\u00bb Longueur : 43 cm Poids : 240 g Lame en acier d\u00e9cor\u00e9 Fourreau noir d\u00e9cor\u00e9 Poign\u00e9e recouverte d\u2019une tresse en coton noir<\/p>\n","protected":false},"featured_media":358701,"comment_status":"open","ping_status":"closed","template":"","meta":[],"product_cat":[24,17],"product_tag":[],"aioseo_notices":[],"jetpack_sharing_enabled":true,"_links":{"self":[{"href":"https:\/\/pop-co.fr\/index.php\/wp-json\/wp\/v2\/product\/347969"}],"collection":[{"href":"https:\/\/pop-co.fr\/index.php\/wp-json\/wp\/v2\/product"}],"about":[{"href":"https:\/\/pop-co.fr\/index.php\/wp-json\/wp\/v2\/types\/product"}],"replies":[{"embeddable":true,"href":"https:\/\/pop-co.fr\/index.php\/wp-json\/wp\/v2\/comments?post=347969"}],"version-history":[{"count":0,"href":"https:\/\/pop-co.fr\/index.php\/wp-json\/wp\/v2\/product\/347969\/revisions"}],"wp:featuredmedia":[{"embeddable":true,"href":"https:\/\/pop-co.fr\/index.php\/wp-json\/wp\/v2\/media\/358701"}],"wp:attachment":[{"href":"https:\/\/pop-co.fr\/index.php\/wp-json\/wp\/v2\/media?parent=347969"}],"wp:term":[{"taxonomy":"product_cat","embeddable":true,"href":"https:\/\/pop-co.fr\/index.php\/wp-json\/wp\/v2\/product_cat?post=347969"},{"taxonomy":"product_tag","embeddable":true,"href":"https:\/\/pop-co.fr\/index.php\/wp-json\/wp\/v2\/product_tag?post=347969"}],"curies":[{"name":"wp","href":"https:\/\/api.w.org\/{rel}","templated":true}]}}