{"id":349420,"date":"2025-06-20T16:59:58","date_gmt":"2025-06-20T14:59:58","guid":{"rendered":"https:\/\/pop-co.fr\/index.php\/product\/tabi-34-40-japon-chaussettes-motif-chibi-maiko\/"},"modified":"2025-09-02T10:23:59","modified_gmt":"2025-09-02T08:23:59","slug":"tabi-34-40-japon-chaussettes-motif-chibi-maiko","status":"publish","type":"product","link":"https:\/\/pop-co.fr\/index.php\/product\/tabi-34-40-japon-chaussettes-motif-chibi-maiko\/","title":{"rendered":"TABI 34\/40 &#8211; JAPON &#8211; Chaussettes motif Chibi Maiko"},"content":{"rendered":"<p>Les Chaussettes Tabi \u2018\u8db3\u888b\u2019 voulant dire \u2018enveloppe de pied\u2019 viennent d\u2019une forme traditionnelle de chaussettes japonaises qui, s\u00e9parant le gros orteil des autres, facilitent l\u2019a\u00e9ration et am\u00e9liorent l\u2019\u00e9quilibre ainsi que la circulation du sang. <\/p>\n<p>Elles sont particuli\u00e8rement appr\u00e9ci\u00e9es par les professionnelles travaillant sur les toits ou les arbres depuis la nuit des temps au Japon.<br \/>\nDe nos jours, ces chaussettes sont d\u00e9clin\u00e9es avec des motifs typiquement japonais, traditionnel ou moderne, discrets ou dr\u00f4les. Dans un pays o\u00f9 il est coutumier d&rsquo;enlever ces chaussures, au travail, au restaurant, en visite chez des amis ou des parents, on comprends la raison de toutes ces d\u00e9clinaisons !!<\/p>\n<p>Cette forme de chaussette est aussi tr\u00e8s appr\u00e9ci\u00e9e pour \u00eatre port\u00e9 avec des tongs, en effet gr\u00e2ce \u00e0 la s\u00e9paration du gros orteil,le port\u00e9 est plus ajust\u00e9 et confortable pour les tongs. Ces chaussettes peuvent aussi \u00eatre port\u00e9 comme des chaussettes normales en chaussures ferm\u00e9es.<\/p>\n<p>L&rsquo;originalit\u00e9 fait aussi de ces chaussettes un cadeau exceptionnel !<\/p>\n<p>Chaussettes : va au-dessus de la cheville !<\/p>\n","protected":false},"excerpt":{"rendered":"<p>Les Chaussettes Tabi \u2018\u8db3\u888b\u2019 voulant dire \u2018enveloppe de pied\u2019 viennent d\u2019une forme traditionnelle de chaussettes japonaises qui, s\u00e9parant le gros orteil des autres, facilitent l\u2019a\u00e9ration et am\u00e9liorent l\u2019\u00e9quilibre ainsi que la circulation du sang. Elles sont particuli\u00e8rement appr\u00e9ci\u00e9es par les professionnelles travaillant sur les toits ou les arbres depuis la nuit des temps au Japon. [&hellip;]<\/p>\n","protected":false},"featured_media":358029,"comment_status":"open","ping_status":"closed","template":"","meta":[],"product_cat":[51,82,39,47],"product_tag":[],"aioseo_notices":[],"jetpack_sharing_enabled":true,"_links":{"self":[{"href":"https:\/\/pop-co.fr\/index.php\/wp-json\/wp\/v2\/product\/349420"}],"collection":[{"href":"https:\/\/pop-co.fr\/index.php\/wp-json\/wp\/v2\/product"}],"about":[{"href":"https:\/\/pop-co.fr\/index.php\/wp-json\/wp\/v2\/types\/product"}],"replies":[{"embeddable":true,"href":"https:\/\/pop-co.fr\/index.php\/wp-json\/wp\/v2\/comments?post=349420"}],"version-history":[{"count":0,"href":"https:\/\/pop-co.fr\/index.php\/wp-json\/wp\/v2\/product\/349420\/revisions"}],"wp:featuredmedia":[{"embeddable":true,"href":"https:\/\/pop-co.fr\/index.php\/wp-json\/wp\/v2\/media\/358029"}],"wp:attachment":[{"href":"https:\/\/pop-co.fr\/index.php\/wp-json\/wp\/v2\/media?parent=349420"}],"wp:term":[{"taxonomy":"product_cat","embeddable":true,"href":"https:\/\/pop-co.fr\/index.php\/wp-json\/wp\/v2\/product_cat?post=349420"},{"taxonomy":"product_tag","embeddable":true,"href":"https:\/\/pop-co.fr\/index.php\/wp-json\/wp\/v2\/product_tag?post=349420"}],"curies":[{"name":"wp","href":"https:\/\/api.w.org\/{rel}","templated":true}]}}