{"id":349476,"date":"2025-06-20T17:01:39","date_gmt":"2025-06-20T15:01:39","guid":{"rendered":"https:\/\/pop-co.fr\/index.php\/product\/barrette-japon-style-kanzashi\/"},"modified":"2025-09-09T18:56:47","modified_gmt":"2025-09-09T16:56:47","slug":"barrette-japon-style-kanzashi","status":"publish","type":"product","link":"https:\/\/pop-co.fr\/index.php\/product\/barrette-japon-style-kanzashi\/","title":{"rendered":"BARRETTE &#8211; JAPON &#8211; Style Kanzashi"},"content":{"rendered":"<p>\u00c9pingle \u00e0 cheveux japonaise \u2013 Style Kanzashi dor\u00e9<\/p>\n<p>Ajoute une touche d\u2019\u00e9l\u00e9gance \u00e0 ta coiffure avec cette superbe \u00e9pingle \u00e0 cheveux dor\u00e9e, inspir\u00e9e du style kanzashi japonais.<\/p>\n<p>Elle est orn\u00e9e d\u2019une petite boule d\u00e9corative qui se d\u00e9cline en 4 coloris canon : bleu, rouge, blanc ou rose. Parfaite pour matcher ton look ou ton mood du jour !<\/p>\n","protected":false},"excerpt":{"rendered":"<p>\u00c9pingle \u00e0 cheveux japonaise \u2013 Style Kanzashi dor\u00e9 Ajoute une touche d\u2019\u00e9l\u00e9gance \u00e0 ta coiffure avec cette superbe \u00e9pingle \u00e0 cheveux dor\u00e9e, inspir\u00e9e du style kanzashi japonais. Elle est orn\u00e9e d\u2019une petite boule d\u00e9corative qui se d\u00e9cline en 4 coloris canon : bleu, rouge, blanc ou rose. Parfaite pour matcher ton look ou ton mood [&hellip;]<\/p>\n","protected":false},"featured_media":358341,"comment_status":"open","ping_status":"closed","template":"","meta":[],"product_cat":[39,82],"product_tag":[],"aioseo_notices":[],"jetpack_sharing_enabled":true,"_links":{"self":[{"href":"https:\/\/pop-co.fr\/index.php\/wp-json\/wp\/v2\/product\/349476"}],"collection":[{"href":"https:\/\/pop-co.fr\/index.php\/wp-json\/wp\/v2\/product"}],"about":[{"href":"https:\/\/pop-co.fr\/index.php\/wp-json\/wp\/v2\/types\/product"}],"replies":[{"embeddable":true,"href":"https:\/\/pop-co.fr\/index.php\/wp-json\/wp\/v2\/comments?post=349476"}],"version-history":[{"count":0,"href":"https:\/\/pop-co.fr\/index.php\/wp-json\/wp\/v2\/product\/349476\/revisions"}],"wp:featuredmedia":[{"embeddable":true,"href":"https:\/\/pop-co.fr\/index.php\/wp-json\/wp\/v2\/media\/358341"}],"wp:attachment":[{"href":"https:\/\/pop-co.fr\/index.php\/wp-json\/wp\/v2\/media?parent=349476"}],"wp:term":[{"taxonomy":"product_cat","embeddable":true,"href":"https:\/\/pop-co.fr\/index.php\/wp-json\/wp\/v2\/product_cat?post=349476"},{"taxonomy":"product_tag","embeddable":true,"href":"https:\/\/pop-co.fr\/index.php\/wp-json\/wp\/v2\/product_tag?post=349476"}],"curies":[{"name":"wp","href":"https:\/\/api.w.org\/{rel}","templated":true}]}}