{"id":349587,"date":"2025-06-20T18:28:32","date_gmt":"2025-06-20T16:28:32","guid":{"rendered":"https:\/\/pop-co.fr\/index.php\/product\/eventail-japon-shiba-inu-samurai\/"},"modified":"2025-09-15T15:43:15","modified_gmt":"2025-09-15T13:43:15","slug":"eventail-japon-shiba-inu-samurai","status":"publish","type":"product","link":"https:\/\/pop-co.fr\/index.php\/product\/eventail-japon-shiba-inu-samurai\/","title":{"rendered":"EVENTAIL &#8211; JAPON &#8211; Shiba Inu Samurai"},"content":{"rendered":"<p>\u00c9ventail Shiba Inu Samoura\u00ef \u2013 L\u2019honneur a du flair (21 cm)<br \/>\nAlliez fra\u00eecheur et fantaisie avec cet \u00e9ventail de 21 cm illustr\u00e9 d\u2019un vaillant Shiba Inu en armure de samoura\u00ef. Ce motif original rend hommage \u00e0 la bravoure et \u00e0 la loyaut\u00e9, tout en ajoutant une touche d\u2019humour typiquement japonaise. L\u00e9ger, pliable et facile \u00e0 emporter, cet accessoire ne passe pas inaper\u00e7u et saura s\u00e9duire les amoureux du Japon, des chiens\u2026 et des guerriers.<\/p>\n<p>Un \u00e9ventail plein de caract\u00e8re, o\u00f9 tradition et espi\u00e8glerie se rencontrent avec style.<\/p>\n","protected":false},"excerpt":{"rendered":"<p>\u00c9ventail Shiba Inu Samoura\u00ef \u2013 L\u2019honneur a du flair (21 cm) Alliez fra\u00eecheur et fantaisie avec cet \u00e9ventail de 21 cm illustr\u00e9 d\u2019un vaillant Shiba Inu en armure de samoura\u00ef. Ce motif original rend hommage \u00e0 la bravoure et \u00e0 la loyaut\u00e9, tout en ajoutant une touche d\u2019humour typiquement japonaise. L\u00e9ger, pliable et facile \u00e0 [&hellip;]<\/p>\n","protected":false},"featured_media":358582,"comment_status":"open","ping_status":"closed","template":"","meta":[],"product_cat":[39,82],"product_tag":[],"aioseo_notices":[],"jetpack_sharing_enabled":true,"_links":{"self":[{"href":"https:\/\/pop-co.fr\/index.php\/wp-json\/wp\/v2\/product\/349587"}],"collection":[{"href":"https:\/\/pop-co.fr\/index.php\/wp-json\/wp\/v2\/product"}],"about":[{"href":"https:\/\/pop-co.fr\/index.php\/wp-json\/wp\/v2\/types\/product"}],"replies":[{"embeddable":true,"href":"https:\/\/pop-co.fr\/index.php\/wp-json\/wp\/v2\/comments?post=349587"}],"version-history":[{"count":0,"href":"https:\/\/pop-co.fr\/index.php\/wp-json\/wp\/v2\/product\/349587\/revisions"}],"wp:featuredmedia":[{"embeddable":true,"href":"https:\/\/pop-co.fr\/index.php\/wp-json\/wp\/v2\/media\/358582"}],"wp:attachment":[{"href":"https:\/\/pop-co.fr\/index.php\/wp-json\/wp\/v2\/media?parent=349587"}],"wp:term":[{"taxonomy":"product_cat","embeddable":true,"href":"https:\/\/pop-co.fr\/index.php\/wp-json\/wp\/v2\/product_cat?post=349587"},{"taxonomy":"product_tag","embeddable":true,"href":"https:\/\/pop-co.fr\/index.php\/wp-json\/wp\/v2\/product_tag?post=349587"}],"curies":[{"name":"wp","href":"https:\/\/api.w.org\/{rel}","templated":true}]}}