{"id":349590,"date":"2025-06-21T10:34:41","date_gmt":"2025-06-21T08:34:41","guid":{"rendered":"https:\/\/pop-co.fr\/index.php\/product\/pince-cheveux-japon-tissu-motif-fleurs\/"},"modified":"2025-08-06T18:53:12","modified_gmt":"2025-08-06T16:53:12","slug":"pince-cheveux-japon-tissu-motif-fleurs","status":"publish","type":"product","link":"https:\/\/pop-co.fr\/index.php\/product\/pince-cheveux-japon-tissu-motif-fleurs\/","title":{"rendered":"PINCE CHEVEUX &#8211; JAPON &#8211; Tissu motif fleurs"},"content":{"rendered":"<p>\u00c9pingle \u00e0 cheveux fabriqu\u00e9e \u00e0 partir de tissu traditionnel japonais \u00ab\u00a0chirimen\u00a0\u00bb. En raison de l&rsquo;utilisation de tissu imprim\u00e9, chaque pi\u00e8ce est unique ! Avec un bon soutien, cette petite pince apportera sa petite touche japonaise \u00e0 n&rsquo;importe lequel de vos looks ! Pince m\u00e9tallique recouverte d&rsquo;un tissu chirimen japonais.<\/p>\n","protected":false},"excerpt":{"rendered":"<p>\u00c9pingle \u00e0 cheveux fabriqu\u00e9e \u00e0 partir de tissu traditionnel japonais \u00ab\u00a0chirimen\u00a0\u00bb. En raison de l&rsquo;utilisation de tissu imprim\u00e9, chaque pi\u00e8ce est unique ! Avec un bon soutien, cette petite pince apportera sa petite touche japonaise \u00e0 n&rsquo;importe lequel de vos looks ! Pince m\u00e9tallique recouverte d&rsquo;un tissu chirimen japonais.<\/p>\n","protected":false},"featured_media":357130,"comment_status":"open","ping_status":"closed","template":"","meta":[],"product_cat":[39,82],"product_tag":[],"aioseo_notices":[],"jetpack_sharing_enabled":true,"_links":{"self":[{"href":"https:\/\/pop-co.fr\/index.php\/wp-json\/wp\/v2\/product\/349590"}],"collection":[{"href":"https:\/\/pop-co.fr\/index.php\/wp-json\/wp\/v2\/product"}],"about":[{"href":"https:\/\/pop-co.fr\/index.php\/wp-json\/wp\/v2\/types\/product"}],"replies":[{"embeddable":true,"href":"https:\/\/pop-co.fr\/index.php\/wp-json\/wp\/v2\/comments?post=349590"}],"version-history":[{"count":0,"href":"https:\/\/pop-co.fr\/index.php\/wp-json\/wp\/v2\/product\/349590\/revisions"}],"wp:featuredmedia":[{"embeddable":true,"href":"https:\/\/pop-co.fr\/index.php\/wp-json\/wp\/v2\/media\/357130"}],"wp:attachment":[{"href":"https:\/\/pop-co.fr\/index.php\/wp-json\/wp\/v2\/media?parent=349590"}],"wp:term":[{"taxonomy":"product_cat","embeddable":true,"href":"https:\/\/pop-co.fr\/index.php\/wp-json\/wp\/v2\/product_cat?post=349590"},{"taxonomy":"product_tag","embeddable":true,"href":"https:\/\/pop-co.fr\/index.php\/wp-json\/wp\/v2\/product_tag?post=349590"}],"curies":[{"name":"wp","href":"https:\/\/api.w.org\/{rel}","templated":true}]}}