{"id":349612,"date":"2025-06-21T12:50:00","date_gmt":"2025-06-21T10:50:00","guid":{"rendered":"https:\/\/pop-co.fr\/index.php\/product\/yura-yura-culbuto-japon-grenouille-et-trefle\/"},"modified":"2025-08-28T14:40:43","modified_gmt":"2025-08-28T12:40:43","slug":"yura-yura-culbuto-japon-grenouille-et-trefle","status":"publish","type":"product","link":"https:\/\/pop-co.fr\/index.php\/product\/yura-yura-culbuto-japon-grenouille-et-trefle\/","title":{"rendered":"YURA YURA CULBUTO &#8211; JAPON &#8211; Grenouille et Tr\u00e8fle"},"content":{"rendered":"<p>Figurine porte-bonheur culbuto repr\u00e9sentant des animaux et compos\u00e9 de tissu chirimen et bois. <\/p>\n<p>Repr\u00e9sente un chat, hibou, chien, grenouille, lapin, coccinelle, abeille, poussin, cochon ou jizo au pied d&rsquo;un tr\u00e8fle.<br \/>\nPos\u00e9e sur un socle en bois.<\/p>\n","protected":false},"excerpt":{"rendered":"<p>Figurine porte-bonheur culbuto repr\u00e9sentant des animaux et compos\u00e9 de tissu chirimen et bois. Repr\u00e9sente un chat, hibou, chien, grenouille, lapin, coccinelle, abeille, poussin, cochon ou jizo au pied d&rsquo;un tr\u00e8fle. Pos\u00e9e sur un socle en bois.<\/p>\n","protected":false},"featured_media":357886,"comment_status":"open","ping_status":"closed","template":"","meta":[],"product_cat":[39,82],"product_tag":[],"aioseo_notices":[],"jetpack_sharing_enabled":true,"_links":{"self":[{"href":"https:\/\/pop-co.fr\/index.php\/wp-json\/wp\/v2\/product\/349612"}],"collection":[{"href":"https:\/\/pop-co.fr\/index.php\/wp-json\/wp\/v2\/product"}],"about":[{"href":"https:\/\/pop-co.fr\/index.php\/wp-json\/wp\/v2\/types\/product"}],"replies":[{"embeddable":true,"href":"https:\/\/pop-co.fr\/index.php\/wp-json\/wp\/v2\/comments?post=349612"}],"version-history":[{"count":0,"href":"https:\/\/pop-co.fr\/index.php\/wp-json\/wp\/v2\/product\/349612\/revisions"}],"wp:featuredmedia":[{"embeddable":true,"href":"https:\/\/pop-co.fr\/index.php\/wp-json\/wp\/v2\/media\/357886"}],"wp:attachment":[{"href":"https:\/\/pop-co.fr\/index.php\/wp-json\/wp\/v2\/media?parent=349612"}],"wp:term":[{"taxonomy":"product_cat","embeddable":true,"href":"https:\/\/pop-co.fr\/index.php\/wp-json\/wp\/v2\/product_cat?post=349612"},{"taxonomy":"product_tag","embeddable":true,"href":"https:\/\/pop-co.fr\/index.php\/wp-json\/wp\/v2\/product_tag?post=349612"}],"curies":[{"name":"wp","href":"https:\/\/api.w.org\/{rel}","templated":true}]}}