{"id":349651,"date":"2025-06-21T15:45:15","date_gmt":"2025-06-21T13:45:15","guid":{"rendered":"https:\/\/pop-co.fr\/index.php\/product\/eventail-hokusai-grande-vague-de-kanagawa\/"},"modified":"2025-07-31T17:53:37","modified_gmt":"2025-07-31T15:53:37","slug":"eventail-hokusai-grande-vague-de-kanagawa","status":"publish","type":"product","link":"https:\/\/pop-co.fr\/index.php\/product\/eventail-hokusai-grande-vague-de-kanagawa\/","title":{"rendered":"EVENTAIL &#8211; HOKUSAI &#8211; Grande vague de Kanagawa"},"content":{"rendered":"<p>\u00c9ventail Hokusai \u2013 La Grande Vague (21 cm)<br \/>\nLaissez-vous emporter par l\u2019\u00e9l\u00e9gance de l\u2019art japonais avec cet \u00e9ventail de 21 cm orn\u00e9 du c\u00e9l\u00e8bre motif \u00ab\u00a0La Grande Vague de Kanagawa\u00a0\u00bb de Hokusai. Ic\u00f4ne intemporelle de l\u2019estampe japonaise, cette vague majestueuse s\u2019invite sur un accessoire raffin\u00e9, \u00e0 la fois pratique et artistique. L\u00e9ger et pliable, il se glisse facilement dans un sac pour vous accompagner partout avec style.<\/p>\n<p>Un souffle d\u2019esth\u00e9tique et de fra\u00eecheur, sign\u00e9 par notre marque avec passion et authenticit\u00e9.<\/p>\n","protected":false},"excerpt":{"rendered":"<p>\u00c9ventail Hokusai \u2013 La Grande Vague (21 cm) Laissez-vous emporter par l\u2019\u00e9l\u00e9gance de l\u2019art japonais avec cet \u00e9ventail de 21 cm orn\u00e9 du c\u00e9l\u00e8bre motif \u00ab\u00a0La Grande Vague de Kanagawa\u00a0\u00bb de Hokusai. Ic\u00f4ne intemporelle de l\u2019estampe japonaise, cette vague majestueuse s\u2019invite sur un accessoire raffin\u00e9, \u00e0 la fois pratique et artistique. L\u00e9ger et pliable, il [&hellip;]<\/p>\n","protected":false},"featured_media":356935,"comment_status":"open","ping_status":"closed","template":"","meta":[],"product_cat":[82,39],"product_tag":[],"aioseo_notices":[],"jetpack_sharing_enabled":true,"_links":{"self":[{"href":"https:\/\/pop-co.fr\/index.php\/wp-json\/wp\/v2\/product\/349651"}],"collection":[{"href":"https:\/\/pop-co.fr\/index.php\/wp-json\/wp\/v2\/product"}],"about":[{"href":"https:\/\/pop-co.fr\/index.php\/wp-json\/wp\/v2\/types\/product"}],"replies":[{"embeddable":true,"href":"https:\/\/pop-co.fr\/index.php\/wp-json\/wp\/v2\/comments?post=349651"}],"version-history":[{"count":0,"href":"https:\/\/pop-co.fr\/index.php\/wp-json\/wp\/v2\/product\/349651\/revisions"}],"wp:featuredmedia":[{"embeddable":true,"href":"https:\/\/pop-co.fr\/index.php\/wp-json\/wp\/v2\/media\/356935"}],"wp:attachment":[{"href":"https:\/\/pop-co.fr\/index.php\/wp-json\/wp\/v2\/media?parent=349651"}],"wp:term":[{"taxonomy":"product_cat","embeddable":true,"href":"https:\/\/pop-co.fr\/index.php\/wp-json\/wp\/v2\/product_cat?post=349651"},{"taxonomy":"product_tag","embeddable":true,"href":"https:\/\/pop-co.fr\/index.php\/wp-json\/wp\/v2\/product_tag?post=349651"}],"curies":[{"name":"wp","href":"https:\/\/api.w.org\/{rel}","templated":true}]}}