{"id":349711,"date":"2025-06-23T12:06:42","date_gmt":"2025-06-23T10:06:42","guid":{"rendered":"https:\/\/pop-co.fr\/index.php\/product\/baguettes-x5-japon-motif-maneki-neko-ukiyoe\/"},"modified":"2025-08-11T14:55:01","modified_gmt":"2025-08-11T12:55:01","slug":"baguettes-x5-japon-motif-maneki-neko-ukiyoe","status":"publish","type":"product","link":"https:\/\/pop-co.fr\/index.php\/product\/baguettes-x5-japon-motif-maneki-neko-ukiyoe\/","title":{"rendered":"BAGUETTES X5 &#8211; JAPON &#8211; Motif Maneki Neko Ukiyoe"},"content":{"rendered":"<p>Set de 5 paires de baguettes en bambou, avec diff\u00e9rents motifs dans le style typiquement japonais.<\/p>\n<p>Ces belles baguettes sont faites en bambou naturel, lavables et r\u00e9utilisables pour tous vos repas. Elles sont id\u00e9ales pour manger de la nourriture et cuisine asiatique !<\/p>\n<p>Toute la famille et les ami(e)s peuvent choisir leur paire pr\u00e9f\u00e9r\u00e9e.<\/p>\n","protected":false},"excerpt":{"rendered":"<p>Set de 5 paires de baguettes en bambou, avec diff\u00e9rents motifs dans le style typiquement japonais. Ces belles baguettes sont faites en bambou naturel, lavables et r\u00e9utilisables pour tous vos repas. Elles sont id\u00e9ales pour manger de la nourriture et cuisine asiatique ! Toute la famille et les ami(e)s peuvent choisir leur paire pr\u00e9f\u00e9r\u00e9e.<\/p>\n","protected":false},"featured_media":357228,"comment_status":"open","ping_status":"closed","template":"","meta":[],"product_cat":[82,39],"product_tag":[],"aioseo_notices":[],"jetpack_sharing_enabled":true,"_links":{"self":[{"href":"https:\/\/pop-co.fr\/index.php\/wp-json\/wp\/v2\/product\/349711"}],"collection":[{"href":"https:\/\/pop-co.fr\/index.php\/wp-json\/wp\/v2\/product"}],"about":[{"href":"https:\/\/pop-co.fr\/index.php\/wp-json\/wp\/v2\/types\/product"}],"replies":[{"embeddable":true,"href":"https:\/\/pop-co.fr\/index.php\/wp-json\/wp\/v2\/comments?post=349711"}],"version-history":[{"count":0,"href":"https:\/\/pop-co.fr\/index.php\/wp-json\/wp\/v2\/product\/349711\/revisions"}],"wp:featuredmedia":[{"embeddable":true,"href":"https:\/\/pop-co.fr\/index.php\/wp-json\/wp\/v2\/media\/357228"}],"wp:attachment":[{"href":"https:\/\/pop-co.fr\/index.php\/wp-json\/wp\/v2\/media?parent=349711"}],"wp:term":[{"taxonomy":"product_cat","embeddable":true,"href":"https:\/\/pop-co.fr\/index.php\/wp-json\/wp\/v2\/product_cat?post=349711"},{"taxonomy":"product_tag","embeddable":true,"href":"https:\/\/pop-co.fr\/index.php\/wp-json\/wp\/v2\/product_tag?post=349711"}],"curies":[{"name":"wp","href":"https:\/\/api.w.org\/{rel}","templated":true}]}}