{"id":351490,"date":"2025-06-24T16:07:20","date_gmt":"2025-06-24T14:07:20","guid":{"rendered":"https:\/\/pop-co.fr\/index.php\/product\/pose-baguette-japon-shiba-inu-noir\/"},"modified":"2025-08-26T14:51:50","modified_gmt":"2025-08-26T12:51:50","slug":"pose-baguette-japon-shiba-inu-noir","status":"publish","type":"product","link":"https:\/\/pop-co.fr\/index.php\/product\/pose-baguette-japon-shiba-inu-noir\/","title":{"rendered":"POSE BAGUETTE &#8211; JAPON &#8211; Shiba Inu noir"},"content":{"rendered":"<p>\u00ab\u00a0Pose baguette en forme de Shiba Inu en c\u00e9ramique &#8211; Apportez une touche moderne et adorable \u00e0 votre table ! Ce pose baguettes inspir\u00e9 du c\u00e9l\u00e8bre chien japonais Shiba Inu est parfait pour vos ap\u00e9ritifs, mais peut \u00e9galement \u00eatre utilis\u00e9 comme objet de d\u00e9coration tendance. Un must-have pour les amoureux des chiens et du design raffin\u00e9. Ajoutez du charme et de l&rsquo;originalit\u00e9 \u00e0 vos r\u00e9ceptions ou \u00e0 votre int\u00e9rieur !\u00a0\u00bb<\/p>\n","protected":false},"excerpt":{"rendered":"<p>\u00ab\u00a0Pose baguette en forme de Shiba Inu en c\u00e9ramique &#8211; Apportez une touche moderne et adorable \u00e0 votre table ! Ce pose baguettes inspir\u00e9 du c\u00e9l\u00e8bre chien japonais Shiba Inu est parfait pour vos ap\u00e9ritifs, mais peut \u00e9galement \u00eatre utilis\u00e9 comme objet de d\u00e9coration tendance. Un must-have pour les amoureux des chiens et du design [&hellip;]<\/p>\n","protected":false},"featured_media":357820,"comment_status":"open","ping_status":"closed","template":"","meta":[],"product_cat":[82,39],"product_tag":[],"aioseo_notices":[],"jetpack_sharing_enabled":true,"_links":{"self":[{"href":"https:\/\/pop-co.fr\/index.php\/wp-json\/wp\/v2\/product\/351490"}],"collection":[{"href":"https:\/\/pop-co.fr\/index.php\/wp-json\/wp\/v2\/product"}],"about":[{"href":"https:\/\/pop-co.fr\/index.php\/wp-json\/wp\/v2\/types\/product"}],"replies":[{"embeddable":true,"href":"https:\/\/pop-co.fr\/index.php\/wp-json\/wp\/v2\/comments?post=351490"}],"version-history":[{"count":0,"href":"https:\/\/pop-co.fr\/index.php\/wp-json\/wp\/v2\/product\/351490\/revisions"}],"wp:featuredmedia":[{"embeddable":true,"href":"https:\/\/pop-co.fr\/index.php\/wp-json\/wp\/v2\/media\/357820"}],"wp:attachment":[{"href":"https:\/\/pop-co.fr\/index.php\/wp-json\/wp\/v2\/media?parent=351490"}],"wp:term":[{"taxonomy":"product_cat","embeddable":true,"href":"https:\/\/pop-co.fr\/index.php\/wp-json\/wp\/v2\/product_cat?post=351490"},{"taxonomy":"product_tag","embeddable":true,"href":"https:\/\/pop-co.fr\/index.php\/wp-json\/wp\/v2\/product_tag?post=351490"}],"curies":[{"name":"wp","href":"https:\/\/api.w.org\/{rel}","templated":true}]}}