{"id":35200,"date":"2024-02-23T10:57:06","date_gmt":"2024-02-23T09:57:06","guid":{"rendered":"https:\/\/pop-co.fr\/index.php\/product\/q-posket-fluffy-puffy-sailor-moon-artemis-7\/"},"modified":"2025-06-28T13:05:03","modified_gmt":"2025-06-28T11:05:03","slug":"q-posket-fluffy-puffy-sailor-moon-artemis-7","status":"publish","type":"product","link":"https:\/\/pop-co.fr\/index.php\/product\/q-posket-fluffy-puffy-sailor-moon-artemis-7\/","title":{"rendered":"SAILOR MOON &#8211; Artemis &#8211; Q posket fluffy puffy"},"content":{"rendered":"<p>Figurine Fluffy Puffy 7cm<\/p>\n<p>Plongez dans l&rsquo;univers magique de Sailor Moon Cosmos avec la Figurine \u00ab\u00a0Artemis\u00a0\u00bb de la collection Fluffy Puffy. Mesurant 7 cm, cette figurine adorable capture la douceur et la d\u00e9licatesse du fid\u00e8le compagnon d&rsquo;Usagi Tsukino, Artemis.<\/p>\n<p>La Figurine \u00ab\u00a0Artemis\u00a0\u00bb pr\u00e9sente des d\u00e9tails soigneusement r\u00e9alis\u00e9s, des couleurs vives et une expression mignonne qui font honneur au charme du personnage. Fabriqu\u00e9e avec une texture moelleuse et fluffy, elle ajoute une touche de douceur \u00e0 votre collection de figurines.<\/p>\n<p>Que vous soyez un fan de longue date de Sailor Moon ou que vous d\u00e9couvriez l&rsquo;univers magique de Sailor Moon Cosmos, cette figurine Fluffy Puffy est un excellent moyen d&rsquo;exprimer votre amour pour cet anime embl\u00e9matique.<\/p>\n<p>Procurez-vous d\u00e8s maintenant la Figurine \u00ab\u00a0Artemis\u00a0\u00bb et laissez la magie de Sailor Moon illuminer votre espace. Que la compagnie c\u00e2line d&rsquo;Artemis apporte une dose de tendresse \u00e0 votre collection !<\/p>\n","protected":false},"excerpt":{"rendered":"<p>Figurine Fluffy Puffy 7cm Plongez dans l&rsquo;univers magique de Sailor Moon Cosmos avec la Figurine \u00ab\u00a0Artemis\u00a0\u00bb de la collection Fluffy Puffy. Mesurant 7 cm, cette figurine adorable capture la douceur et la d\u00e9licatesse du fid\u00e8le compagnon d&rsquo;Usagi Tsukino, Artemis. La Figurine \u00ab\u00a0Artemis\u00a0\u00bb pr\u00e9sente des d\u00e9tails soigneusement r\u00e9alis\u00e9s, des couleurs vives et une expression mignonne qui [&hellip;]<\/p>\n","protected":false},"featured_media":339874,"comment_status":"open","ping_status":"closed","template":"","meta":[],"product_cat":[17,69],"product_tag":[],"aioseo_notices":[],"jetpack_sharing_enabled":true,"_links":{"self":[{"href":"https:\/\/pop-co.fr\/index.php\/wp-json\/wp\/v2\/product\/35200"}],"collection":[{"href":"https:\/\/pop-co.fr\/index.php\/wp-json\/wp\/v2\/product"}],"about":[{"href":"https:\/\/pop-co.fr\/index.php\/wp-json\/wp\/v2\/types\/product"}],"replies":[{"embeddable":true,"href":"https:\/\/pop-co.fr\/index.php\/wp-json\/wp\/v2\/comments?post=35200"}],"version-history":[{"count":0,"href":"https:\/\/pop-co.fr\/index.php\/wp-json\/wp\/v2\/product\/35200\/revisions"}],"wp:featuredmedia":[{"embeddable":true,"href":"https:\/\/pop-co.fr\/index.php\/wp-json\/wp\/v2\/media\/339874"}],"wp:attachment":[{"href":"https:\/\/pop-co.fr\/index.php\/wp-json\/wp\/v2\/media?parent=35200"}],"wp:term":[{"taxonomy":"product_cat","embeddable":true,"href":"https:\/\/pop-co.fr\/index.php\/wp-json\/wp\/v2\/product_cat?post=35200"},{"taxonomy":"product_tag","embeddable":true,"href":"https:\/\/pop-co.fr\/index.php\/wp-json\/wp\/v2\/product_tag?post=35200"}],"curies":[{"name":"wp","href":"https:\/\/api.w.org\/{rel}","templated":true}]}}