{"id":35229,"date":"2024-02-23T10:57:26","date_gmt":"2024-02-23T09:57:26","guid":{"rendered":"https:\/\/pop-co.fr\/index.php\/product\/lorcana-protege-cartes-chapitre-3-balthazar-picsou-3\/"},"modified":"2025-06-28T13:04:55","modified_gmt":"2025-06-28T11:04:55","slug":"lorcana-protege-cartes-chapitre-3-balthazar-picsou-3","status":"publish","type":"product","link":"https:\/\/pop-co.fr\/index.php\/product\/lorcana-protege-cartes-chapitre-3-balthazar-picsou-3\/","title":{"rendered":"LORCANA &#8211; Prot\u00e8ge-cartes chapitre 3 &#8211; Balthazar Picsou"},"content":{"rendered":"<p>Chaque paquet contient 65 prot\u00e8ge-cartes \u00e0 finition mate repr\u00e9sentant un reflet Disney Lorcana.<\/p>\n","protected":false},"excerpt":{"rendered":"<p>Chaque paquet contient 65 prot\u00e8ge-cartes \u00e0 finition mate repr\u00e9sentant un reflet Disney Lorcana.<\/p>\n","protected":false},"featured_media":286289,"comment_status":"open","ping_status":"closed","template":"","meta":[],"product_cat":[29,32],"product_tag":[],"aioseo_notices":[],"jetpack_sharing_enabled":true,"_links":{"self":[{"href":"https:\/\/pop-co.fr\/index.php\/wp-json\/wp\/v2\/product\/35229"}],"collection":[{"href":"https:\/\/pop-co.fr\/index.php\/wp-json\/wp\/v2\/product"}],"about":[{"href":"https:\/\/pop-co.fr\/index.php\/wp-json\/wp\/v2\/types\/product"}],"replies":[{"embeddable":true,"href":"https:\/\/pop-co.fr\/index.php\/wp-json\/wp\/v2\/comments?post=35229"}],"version-history":[{"count":0,"href":"https:\/\/pop-co.fr\/index.php\/wp-json\/wp\/v2\/product\/35229\/revisions"}],"wp:featuredmedia":[{"embeddable":true,"href":"https:\/\/pop-co.fr\/index.php\/wp-json\/wp\/v2\/media\/286289"}],"wp:attachment":[{"href":"https:\/\/pop-co.fr\/index.php\/wp-json\/wp\/v2\/media?parent=35229"}],"wp:term":[{"taxonomy":"product_cat","embeddable":true,"href":"https:\/\/pop-co.fr\/index.php\/wp-json\/wp\/v2\/product_cat?post=35229"},{"taxonomy":"product_tag","embeddable":true,"href":"https:\/\/pop-co.fr\/index.php\/wp-json\/wp\/v2\/product_tag?post=35229"}],"curies":[{"name":"wp","href":"https:\/\/api.w.org\/{rel}","templated":true}]}}