{"id":353377,"date":"2025-07-03T17:50:31","date_gmt":"2025-07-03T15:50:31","guid":{"rendered":"https:\/\/pop-co.fr\/index.php\/product\/chirimen-culbuto-japon-chats\/"},"modified":"2025-07-31T09:43:56","modified_gmt":"2025-07-31T07:43:56","slug":"chirimen-culbuto-japon-chats","status":"publish","type":"product","link":"https:\/\/pop-co.fr\/index.php\/product\/chirimen-culbuto-japon-chats\/","title":{"rendered":"CHIRIMEN CULBUTO &#8211; JAPON &#8211; Chats"},"content":{"rendered":"<p>Figurine porte-bonheur japonais Famille Animaux en tissu chirimen et bois fait main artisanal au Japon<\/p>\n<p>Un petit porte-bonheur irr\u00e9sistible repr\u00e9sentant une famille de chats, de grenouilles ou de lapins, \u00e0 emporter ou conserver pr\u00e9cieusement avec\/chez soi !<\/p>\n","protected":false},"excerpt":{"rendered":"<p>Figurine porte-bonheur japonais Famille Animaux en tissu chirimen et bois fait main artisanal au Japon Un petit porte-bonheur irr\u00e9sistible repr\u00e9sentant une famille de chats, de grenouilles ou de lapins, \u00e0 emporter ou conserver pr\u00e9cieusement avec\/chez soi !<\/p>\n","protected":false},"featured_media":353376,"comment_status":"open","ping_status":"closed","template":"","meta":[],"product_cat":[82,39],"product_tag":[],"aioseo_notices":[],"jetpack_sharing_enabled":true,"_links":{"self":[{"href":"https:\/\/pop-co.fr\/index.php\/wp-json\/wp\/v2\/product\/353377"}],"collection":[{"href":"https:\/\/pop-co.fr\/index.php\/wp-json\/wp\/v2\/product"}],"about":[{"href":"https:\/\/pop-co.fr\/index.php\/wp-json\/wp\/v2\/types\/product"}],"replies":[{"embeddable":true,"href":"https:\/\/pop-co.fr\/index.php\/wp-json\/wp\/v2\/comments?post=353377"}],"version-history":[{"count":1,"href":"https:\/\/pop-co.fr\/index.php\/wp-json\/wp\/v2\/product\/353377\/revisions"}],"predecessor-version":[{"id":356886,"href":"https:\/\/pop-co.fr\/index.php\/wp-json\/wp\/v2\/product\/353377\/revisions\/356886"}],"wp:featuredmedia":[{"embeddable":true,"href":"https:\/\/pop-co.fr\/index.php\/wp-json\/wp\/v2\/media\/353376"}],"wp:attachment":[{"href":"https:\/\/pop-co.fr\/index.php\/wp-json\/wp\/v2\/media?parent=353377"}],"wp:term":[{"taxonomy":"product_cat","embeddable":true,"href":"https:\/\/pop-co.fr\/index.php\/wp-json\/wp\/v2\/product_cat?post=353377"},{"taxonomy":"product_tag","embeddable":true,"href":"https:\/\/pop-co.fr\/index.php\/wp-json\/wp\/v2\/product_tag?post=353377"}],"curies":[{"name":"wp","href":"https:\/\/api.w.org\/{rel}","templated":true}]}}