{"id":353897,"date":"2025-07-08T12:47:30","date_gmt":"2025-07-08T10:47:30","guid":{"rendered":"https:\/\/pop-co.fr\/index.php\/product\/eventail-japon-maneki-neko\/"},"modified":"2025-08-30T15:39:59","modified_gmt":"2025-08-30T13:39:59","slug":"eventail-japon-maneki-neko","status":"publish","type":"product","link":"https:\/\/pop-co.fr\/index.php\/product\/eventail-japon-maneki-neko\/","title":{"rendered":"EVENTAIL &#8211; JAPON &#8211; Maneki Neko"},"content":{"rendered":"<p>\u00c9ventail Maneki Neko \u2013 Porte-bonheur en mouvement (21 cm)<br \/>\nAjoutez une touche de fra\u00eecheur et de tradition japonaise \u00e0 vos journ\u00e9es avec cet \u00e9ventail compact (21 cm) d\u00e9cor\u00e9 du c\u00e9l\u00e8bre Maneki Neko, le chat porte-bonheur. L\u00e9ger, pliable et facile \u00e0 glisser dans un sac, il combine \u00e9l\u00e9gance, praticit\u00e9 et symbolisme. Son motif joyeux et color\u00e9 attire la chance tout en apportant un vent de douceur, que ce soit lors d\u2019un \u00e9t\u00e9 chaud, d\u2019un festival ou d\u2019une d\u00e9coration zen.<\/p>\n<p>Un accessoire raffin\u00e9 \u00e0 offrir ou \u00e0 s\u2019offrir, sign\u00e9 avec soin par notre marque.<\/p>\n","protected":false},"excerpt":{"rendered":"<p>\u00c9ventail Maneki Neko \u2013 Porte-bonheur en mouvement (21 cm) Ajoutez une touche de fra\u00eecheur et de tradition japonaise \u00e0 vos journ\u00e9es avec cet \u00e9ventail compact (21 cm) d\u00e9cor\u00e9 du c\u00e9l\u00e8bre Maneki Neko, le chat porte-bonheur. L\u00e9ger, pliable et facile \u00e0 glisser dans un sac, il combine \u00e9l\u00e9gance, praticit\u00e9 et symbolisme. Son motif joyeux et color\u00e9 [&hellip;]<\/p>\n","protected":false},"featured_media":357964,"comment_status":"open","ping_status":"closed","template":"","meta":[],"product_cat":[39,82],"product_tag":[],"aioseo_notices":[],"jetpack_sharing_enabled":true,"_links":{"self":[{"href":"https:\/\/pop-co.fr\/index.php\/wp-json\/wp\/v2\/product\/353897"}],"collection":[{"href":"https:\/\/pop-co.fr\/index.php\/wp-json\/wp\/v2\/product"}],"about":[{"href":"https:\/\/pop-co.fr\/index.php\/wp-json\/wp\/v2\/types\/product"}],"replies":[{"embeddable":true,"href":"https:\/\/pop-co.fr\/index.php\/wp-json\/wp\/v2\/comments?post=353897"}],"version-history":[{"count":1,"href":"https:\/\/pop-co.fr\/index.php\/wp-json\/wp\/v2\/product\/353897\/revisions"}],"predecessor-version":[{"id":356888,"href":"https:\/\/pop-co.fr\/index.php\/wp-json\/wp\/v2\/product\/353897\/revisions\/356888"}],"wp:featuredmedia":[{"embeddable":true,"href":"https:\/\/pop-co.fr\/index.php\/wp-json\/wp\/v2\/media\/357964"}],"wp:attachment":[{"href":"https:\/\/pop-co.fr\/index.php\/wp-json\/wp\/v2\/media?parent=353897"}],"wp:term":[{"taxonomy":"product_cat","embeddable":true,"href":"https:\/\/pop-co.fr\/index.php\/wp-json\/wp\/v2\/product_cat?post=353897"},{"taxonomy":"product_tag","embeddable":true,"href":"https:\/\/pop-co.fr\/index.php\/wp-json\/wp\/v2\/product_tag?post=353897"}],"curies":[{"name":"wp","href":"https:\/\/api.w.org\/{rel}","templated":true}]}}