{"id":3544,"date":"2024-02-20T18:31:40","date_gmt":"2024-02-20T17:31:40","guid":{"rendered":"https:\/\/pop-co.fr\/index.php\/product\/one-piece-pop-n1473-sangoro-wano\/"},"modified":"2025-07-09T13:20:12","modified_gmt":"2025-07-09T11:20:12","slug":"one-piece-pop-n1473-sangoro-wano","status":"publish","type":"product","link":"https:\/\/pop-co.fr\/index.php\/product\/one-piece-pop-n1473-sangoro-wano\/","title":{"rendered":"ONE PIECE &#8211; POP N\u00b01473 Sangoro (Wano)"},"content":{"rendered":"<p>Aidez l&rsquo;\u00e9quipage scorbutique des Pirates du Chapeau de Paille \u00e0 vaincre Kaido avec Pop ! Sangoro dans sa tenue de Wano ! Offrez \u00e0 ce cuisinier un endroit s\u00fbr pour jeter l&rsquo;ancre dans votre collection One Piece.<\/p>\n","protected":false},"excerpt":{"rendered":"<p>Aidez l&rsquo;\u00e9quipage scorbutique des Pirates du Chapeau de Paille \u00e0 vaincre Kaido avec Pop ! Sangoro dans sa tenue de Wano ! Offrez \u00e0 ce cuisinier un endroit s\u00fbr pour jeter l&rsquo;ancre dans votre collection One Piece.<\/p>\n","protected":false},"featured_media":354117,"comment_status":"open","ping_status":"closed","template":"","meta":[],"product_cat":[17,22],"product_tag":[],"aioseo_notices":[],"jetpack_sharing_enabled":true,"_links":{"self":[{"href":"https:\/\/pop-co.fr\/index.php\/wp-json\/wp\/v2\/product\/3544"}],"collection":[{"href":"https:\/\/pop-co.fr\/index.php\/wp-json\/wp\/v2\/product"}],"about":[{"href":"https:\/\/pop-co.fr\/index.php\/wp-json\/wp\/v2\/types\/product"}],"replies":[{"embeddable":true,"href":"https:\/\/pop-co.fr\/index.php\/wp-json\/wp\/v2\/comments?post=3544"}],"version-history":[{"count":0,"href":"https:\/\/pop-co.fr\/index.php\/wp-json\/wp\/v2\/product\/3544\/revisions"}],"wp:featuredmedia":[{"embeddable":true,"href":"https:\/\/pop-co.fr\/index.php\/wp-json\/wp\/v2\/media\/354117"}],"wp:attachment":[{"href":"https:\/\/pop-co.fr\/index.php\/wp-json\/wp\/v2\/media?parent=3544"}],"wp:term":[{"taxonomy":"product_cat","embeddable":true,"href":"https:\/\/pop-co.fr\/index.php\/wp-json\/wp\/v2\/product_cat?post=3544"},{"taxonomy":"product_tag","embeddable":true,"href":"https:\/\/pop-co.fr\/index.php\/wp-json\/wp\/v2\/product_tag?post=3544"}],"curies":[{"name":"wp","href":"https:\/\/api.w.org\/{rel}","templated":true}]}}