{"id":354649,"date":"2025-07-17T13:49:05","date_gmt":"2025-07-17T11:49:05","guid":{"rendered":"https:\/\/pop-co.fr\/index.php\/product\/chirimen-bonsai-japon-chats\/"},"modified":"2025-07-31T09:45:34","modified_gmt":"2025-07-31T07:45:34","slug":"chirimen-bonsai-japon-chats","status":"publish","type":"product","link":"https:\/\/pop-co.fr\/index.php\/product\/chirimen-bonsai-japon-chats\/","title":{"rendered":"CHIRIMEN BONSAI &#8211; JAPON &#8211; Chats"},"content":{"rendered":"<p>Figurines porte-bonheur fabriqu\u00e9es au Japon en tissu chirimen, repr\u00e9sentant un chat, une grenouille ou un cochon au pied d&rsquo;une plante.<br \/>\nLe pot en porcelaine est fourni avec. <\/p>\n<p>Une d\u00e9coration toute en finesse pour orner la d\u00e9coration de votre int\u00e9rieur !<\/p>\n","protected":false},"excerpt":{"rendered":"<p>Figurines porte-bonheur fabriqu\u00e9es au Japon en tissu chirimen, repr\u00e9sentant un chat, une grenouille ou un cochon au pied d&rsquo;une plante. Le pot en porcelaine est fourni avec. Une d\u00e9coration toute en finesse pour orner la d\u00e9coration de votre int\u00e9rieur !<\/p>\n","protected":false},"featured_media":354647,"comment_status":"open","ping_status":"closed","template":"","meta":[],"product_cat":[39,82],"product_tag":[],"aioseo_notices":[],"jetpack_sharing_enabled":true,"_links":{"self":[{"href":"https:\/\/pop-co.fr\/index.php\/wp-json\/wp\/v2\/product\/354649"}],"collection":[{"href":"https:\/\/pop-co.fr\/index.php\/wp-json\/wp\/v2\/product"}],"about":[{"href":"https:\/\/pop-co.fr\/index.php\/wp-json\/wp\/v2\/types\/product"}],"replies":[{"embeddable":true,"href":"https:\/\/pop-co.fr\/index.php\/wp-json\/wp\/v2\/comments?post=354649"}],"version-history":[{"count":1,"href":"https:\/\/pop-co.fr\/index.php\/wp-json\/wp\/v2\/product\/354649\/revisions"}],"predecessor-version":[{"id":356894,"href":"https:\/\/pop-co.fr\/index.php\/wp-json\/wp\/v2\/product\/354649\/revisions\/356894"}],"wp:featuredmedia":[{"embeddable":true,"href":"https:\/\/pop-co.fr\/index.php\/wp-json\/wp\/v2\/media\/354647"}],"wp:attachment":[{"href":"https:\/\/pop-co.fr\/index.php\/wp-json\/wp\/v2\/media?parent=354649"}],"wp:term":[{"taxonomy":"product_cat","embeddable":true,"href":"https:\/\/pop-co.fr\/index.php\/wp-json\/wp\/v2\/product_cat?post=354649"},{"taxonomy":"product_tag","embeddable":true,"href":"https:\/\/pop-co.fr\/index.php\/wp-json\/wp\/v2\/product_tag?post=354649"}],"curies":[{"name":"wp","href":"https:\/\/api.w.org\/{rel}","templated":true}]}}