{"id":354678,"date":"2025-07-17T16:44:04","date_gmt":"2025-07-17T14:44:04","guid":{"rendered":"https:\/\/pop-co.fr\/index.php\/product\/ombrelle-japon-violet\/"},"modified":"2025-07-31T09:45:47","modified_gmt":"2025-07-31T07:45:47","slug":"ombrelle-japon-violet","status":"publish","type":"product","link":"https:\/\/pop-co.fr\/index.php\/product\/ombrelle-japon-violet\/","title":{"rendered":"OMBRELLE &#8211; JAPON &#8211; Violet"},"content":{"rendered":"<p>\u00c9l\u00e9gantes et l\u00e9g\u00e8res, nos ombrelles japonaises traditionnelles sont fabriqu\u00e9es en papier et bambou. Leur structure fine et leur toile d\u00e9licate refl\u00e8tent l\u2019esth\u00e9tique japonaise classique, apportant une touche de raffinement \u00e0 tout type d\u2019environnement.<\/p>\n","protected":false},"excerpt":{"rendered":"<p>\u00c9l\u00e9gantes et l\u00e9g\u00e8res, nos ombrelles japonaises traditionnelles sont fabriqu\u00e9es en papier et bambou. Leur structure fine et leur toile d\u00e9licate refl\u00e8tent l\u2019esth\u00e9tique japonaise classique, apportant une touche de raffinement \u00e0 tout type d\u2019environnement.<\/p>\n","protected":false},"featured_media":354677,"comment_status":"open","ping_status":"closed","template":"","meta":[],"product_cat":[39,82],"product_tag":[],"aioseo_notices":[],"jetpack_sharing_enabled":true,"_links":{"self":[{"href":"https:\/\/pop-co.fr\/index.php\/wp-json\/wp\/v2\/product\/354678"}],"collection":[{"href":"https:\/\/pop-co.fr\/index.php\/wp-json\/wp\/v2\/product"}],"about":[{"href":"https:\/\/pop-co.fr\/index.php\/wp-json\/wp\/v2\/types\/product"}],"replies":[{"embeddable":true,"href":"https:\/\/pop-co.fr\/index.php\/wp-json\/wp\/v2\/comments?post=354678"}],"version-history":[{"count":1,"href":"https:\/\/pop-co.fr\/index.php\/wp-json\/wp\/v2\/product\/354678\/revisions"}],"predecessor-version":[{"id":356895,"href":"https:\/\/pop-co.fr\/index.php\/wp-json\/wp\/v2\/product\/354678\/revisions\/356895"}],"wp:featuredmedia":[{"embeddable":true,"href":"https:\/\/pop-co.fr\/index.php\/wp-json\/wp\/v2\/media\/354677"}],"wp:attachment":[{"href":"https:\/\/pop-co.fr\/index.php\/wp-json\/wp\/v2\/media?parent=354678"}],"wp:term":[{"taxonomy":"product_cat","embeddable":true,"href":"https:\/\/pop-co.fr\/index.php\/wp-json\/wp\/v2\/product_cat?post=354678"},{"taxonomy":"product_tag","embeddable":true,"href":"https:\/\/pop-co.fr\/index.php\/wp-json\/wp\/v2\/product_tag?post=354678"}],"curies":[{"name":"wp","href":"https:\/\/api.w.org\/{rel}","templated":true}]}}