{"id":354738,"date":"2025-07-19T10:58:38","date_gmt":"2025-07-19T08:58:38","guid":{"rendered":"https:\/\/pop-co.fr\/index.php\/product\/pose-baguette-japon-grue-bleue\/"},"modified":"2025-08-23T15:06:46","modified_gmt":"2025-08-23T13:06:46","slug":"pose-baguette-japon-grue-bleue","status":"publish","type":"product","link":"https:\/\/pop-co.fr\/index.php\/product\/pose-baguette-japon-grue-bleue\/","title":{"rendered":"POSE BAGUETTE &#8211; JAPON &#8211; Grue bleue"},"content":{"rendered":"<p>Apportez une touche d&rsquo;\u00e9l\u00e9gance \u00e0 vos repas avec nos pose-baguettes en c\u00e9ramique, sculpt\u00e9s avec finesse en forme de grue japonaise. Symbole de long\u00e9vit\u00e9 et de prosp\u00e9rit\u00e9 dans la culture japonaise, ces accessoires raffin\u00e9s ajoutent une dimension po\u00e9tique \u00e0 votre table.<\/p>\n<p>Dimensions :<br \/>\nLongueur 5 cm<br \/>\nLargeur\t6 cm<br \/>\nHauteur\t2 cm<\/p>\n","protected":false},"excerpt":{"rendered":"<p>Apportez une touche d&rsquo;\u00e9l\u00e9gance \u00e0 vos repas avec nos pose-baguettes en c\u00e9ramique, sculpt\u00e9s avec finesse en forme de grue japonaise. Symbole de long\u00e9vit\u00e9 et de prosp\u00e9rit\u00e9 dans la culture japonaise, ces accessoires raffin\u00e9s ajoutent une dimension po\u00e9tique \u00e0 votre table. Dimensions : Longueur 5 cm Largeur 6 cm Hauteur 2 cm<\/p>\n","protected":false},"featured_media":357756,"comment_status":"open","ping_status":"closed","template":"","meta":[],"product_cat":[39,82],"product_tag":[],"aioseo_notices":[],"jetpack_sharing_enabled":true,"_links":{"self":[{"href":"https:\/\/pop-co.fr\/index.php\/wp-json\/wp\/v2\/product\/354738"}],"collection":[{"href":"https:\/\/pop-co.fr\/index.php\/wp-json\/wp\/v2\/product"}],"about":[{"href":"https:\/\/pop-co.fr\/index.php\/wp-json\/wp\/v2\/types\/product"}],"replies":[{"embeddable":true,"href":"https:\/\/pop-co.fr\/index.php\/wp-json\/wp\/v2\/comments?post=354738"}],"version-history":[{"count":1,"href":"https:\/\/pop-co.fr\/index.php\/wp-json\/wp\/v2\/product\/354738\/revisions"}],"predecessor-version":[{"id":356897,"href":"https:\/\/pop-co.fr\/index.php\/wp-json\/wp\/v2\/product\/354738\/revisions\/356897"}],"wp:featuredmedia":[{"embeddable":true,"href":"https:\/\/pop-co.fr\/index.php\/wp-json\/wp\/v2\/media\/357756"}],"wp:attachment":[{"href":"https:\/\/pop-co.fr\/index.php\/wp-json\/wp\/v2\/media?parent=354738"}],"wp:term":[{"taxonomy":"product_cat","embeddable":true,"href":"https:\/\/pop-co.fr\/index.php\/wp-json\/wp\/v2\/product_cat?post=354738"},{"taxonomy":"product_tag","embeddable":true,"href":"https:\/\/pop-co.fr\/index.php\/wp-json\/wp\/v2\/product_tag?post=354738"}],"curies":[{"name":"wp","href":"https:\/\/api.w.org\/{rel}","templated":true}]}}