{"id":354800,"date":"2025-07-19T17:12:28","date_gmt":"2025-07-19T15:12:28","guid":{"rendered":"https:\/\/pop-co.fr\/index.php\/product\/etui-boite-cigarettes-grendizer-goldorak\/"},"modified":"2025-09-17T15:19:32","modified_gmt":"2025-09-17T13:19:32","slug":"etui-boite-cigarettes-grendizer-goldorak","status":"publish","type":"product","link":"https:\/\/pop-co.fr\/index.php\/product\/etui-boite-cigarettes-grendizer-goldorak\/","title":{"rendered":"ETUI BOITE CIGARETTES &#8211; GRENDIZER &#8211; Goldorak"},"content":{"rendered":"<p>Un \u00e9tui \u00e0 paquet de cigarettes est un accessoire con\u00e7u pour contenir et prot\u00e9ger un paquet de cigarettes.<\/p>\n<p>*Vendu \u00e0 l&rsquo;unit\u00e9 modele al\u00e9atoire<\/p>\n","protected":false},"excerpt":{"rendered":"<p>Un \u00e9tui \u00e0 paquet de cigarettes est un accessoire con\u00e7u pour contenir et prot\u00e9ger un paquet de cigarettes. *Vendu \u00e0 l&rsquo;unit\u00e9 modele al\u00e9atoire<\/p>\n","protected":false},"featured_media":358675,"comment_status":"open","ping_status":"closed","template":"","meta":[],"product_cat":[17,18],"product_tag":[],"aioseo_notices":[],"jetpack_sharing_enabled":true,"_links":{"self":[{"href":"https:\/\/pop-co.fr\/index.php\/wp-json\/wp\/v2\/product\/354800"}],"collection":[{"href":"https:\/\/pop-co.fr\/index.php\/wp-json\/wp\/v2\/product"}],"about":[{"href":"https:\/\/pop-co.fr\/index.php\/wp-json\/wp\/v2\/types\/product"}],"replies":[{"embeddable":true,"href":"https:\/\/pop-co.fr\/index.php\/wp-json\/wp\/v2\/comments?post=354800"}],"version-history":[{"count":1,"href":"https:\/\/pop-co.fr\/index.php\/wp-json\/wp\/v2\/product\/354800\/revisions"}],"predecessor-version":[{"id":356898,"href":"https:\/\/pop-co.fr\/index.php\/wp-json\/wp\/v2\/product\/354800\/revisions\/356898"}],"wp:featuredmedia":[{"embeddable":true,"href":"https:\/\/pop-co.fr\/index.php\/wp-json\/wp\/v2\/media\/358675"}],"wp:attachment":[{"href":"https:\/\/pop-co.fr\/index.php\/wp-json\/wp\/v2\/media?parent=354800"}],"wp:term":[{"taxonomy":"product_cat","embeddable":true,"href":"https:\/\/pop-co.fr\/index.php\/wp-json\/wp\/v2\/product_cat?post=354800"},{"taxonomy":"product_tag","embeddable":true,"href":"https:\/\/pop-co.fr\/index.php\/wp-json\/wp\/v2\/product_tag?post=354800"}],"curies":[{"name":"wp","href":"https:\/\/api.w.org\/{rel}","templated":true}]}}