{"id":355139,"date":"2025-07-24T13:54:40","date_gmt":"2025-07-24T11:54:40","guid":{"rendered":"https:\/\/pop-co.fr\/index.php\/product\/fukumaru-culbuto-japon-chat-calico\/"},"modified":"2025-07-31T09:47:20","modified_gmt":"2025-07-31T07:47:20","slug":"fukumaru-culbuto-japon-chat-calico","status":"publish","type":"product","link":"https:\/\/pop-co.fr\/index.php\/product\/fukumaru-culbuto-japon-chat-calico\/","title":{"rendered":"FUKUMARU CULBUTO &#8211; JAPON &#8211; Chat calico"},"content":{"rendered":"<p>Fukumaru est un personnage mignon et attachant, tr\u00e8s populaire dans le monde des figurines japonaises. Cette figurine repr\u00e9sente un chat calico avec une expression joueuse, ce qui refl\u00e8te bien sa personnalit\u00e9 !<\/p>\n<p>Les figurines Fukumaru capturent l\u2019essence de la tendresse et du charme des chats, avec des d\u00e9tails soign\u00e9s et des couleurs vives qui rappellent la beaut\u00e9 naturelle de l\u2019animal. Ces figurines sont souvent un objet de collection pour les amoureux des animaux et de l&rsquo;artisanat japonais, et elles sont particuli\u00e8rement populaires parmi ceux qui appr\u00e9cient l&rsquo;esth\u00e9tique kawaii (mignonne).<\/p>\n","protected":false},"excerpt":{"rendered":"<p>Fukumaru est un personnage mignon et attachant, tr\u00e8s populaire dans le monde des figurines japonaises. Cette figurine repr\u00e9sente un chat calico avec une expression joueuse, ce qui refl\u00e8te bien sa personnalit\u00e9 ! Les figurines Fukumaru capturent l\u2019essence de la tendresse et du charme des chats, avec des d\u00e9tails soign\u00e9s et des couleurs vives qui rappellent [&hellip;]<\/p>\n","protected":false},"featured_media":355136,"comment_status":"open","ping_status":"closed","template":"","meta":[],"product_cat":[39,82],"product_tag":[],"aioseo_notices":[],"jetpack_sharing_enabled":true,"_links":{"self":[{"href":"https:\/\/pop-co.fr\/index.php\/wp-json\/wp\/v2\/product\/355139"}],"collection":[{"href":"https:\/\/pop-co.fr\/index.php\/wp-json\/wp\/v2\/product"}],"about":[{"href":"https:\/\/pop-co.fr\/index.php\/wp-json\/wp\/v2\/types\/product"}],"replies":[{"embeddable":true,"href":"https:\/\/pop-co.fr\/index.php\/wp-json\/wp\/v2\/comments?post=355139"}],"version-history":[{"count":1,"href":"https:\/\/pop-co.fr\/index.php\/wp-json\/wp\/v2\/product\/355139\/revisions"}],"predecessor-version":[{"id":356902,"href":"https:\/\/pop-co.fr\/index.php\/wp-json\/wp\/v2\/product\/355139\/revisions\/356902"}],"wp:featuredmedia":[{"embeddable":true,"href":"https:\/\/pop-co.fr\/index.php\/wp-json\/wp\/v2\/media\/355136"}],"wp:attachment":[{"href":"https:\/\/pop-co.fr\/index.php\/wp-json\/wp\/v2\/media?parent=355139"}],"wp:term":[{"taxonomy":"product_cat","embeddable":true,"href":"https:\/\/pop-co.fr\/index.php\/wp-json\/wp\/v2\/product_cat?post=355139"},{"taxonomy":"product_tag","embeddable":true,"href":"https:\/\/pop-co.fr\/index.php\/wp-json\/wp\/v2\/product_tag?post=355139"}],"curies":[{"name":"wp","href":"https:\/\/api.w.org\/{rel}","templated":true}]}}