{"id":355228,"date":"2025-07-26T15:36:26","date_gmt":"2025-07-26T13:36:26","guid":{"rendered":"https:\/\/pop-co.fr\/index.php\/product\/ombrelle-japon-rouge\/"},"modified":"2025-07-31T09:47:32","modified_gmt":"2025-07-31T07:47:32","slug":"ombrelle-japon-rouge","status":"publish","type":"product","link":"https:\/\/pop-co.fr\/index.php\/product\/ombrelle-japon-rouge\/","title":{"rendered":"OMBRELLE &#8211; JAPON &#8211; Rouge"},"content":{"rendered":"<p>\u00c9l\u00e9gantes et l\u00e9g\u00e8res, nos ombrelles japonaises traditionnelles sont fabriqu\u00e9es en papier et bambou. Leur structure fine et leur toile d\u00e9licate refl\u00e8tent l\u2019esth\u00e9tique japonaise classique, apportant une touche de raffinement \u00e0 tout type d\u2019environnement.<\/p>\n<p>D\u2019une longueur de 84 cm, elles s\u2019ouvrent sur un large diam\u00e8tre, parfaites pour accompagner une tenue, d\u00e9corer un espace ou cr\u00e9er une ambiance<\/p>\n","protected":false},"excerpt":{"rendered":"<p>\u00c9l\u00e9gantes et l\u00e9g\u00e8res, nos ombrelles japonaises traditionnelles sont fabriqu\u00e9es en papier et bambou. Leur structure fine et leur toile d\u00e9licate refl\u00e8tent l\u2019esth\u00e9tique japonaise classique, apportant une touche de raffinement \u00e0 tout type d\u2019environnement. D\u2019une longueur de 84 cm, elles s\u2019ouvrent sur un large diam\u00e8tre, parfaites pour accompagner une tenue, d\u00e9corer un espace ou cr\u00e9er une [&hellip;]<\/p>\n","protected":false},"featured_media":355227,"comment_status":"open","ping_status":"closed","template":"","meta":[],"product_cat":[82,39],"product_tag":[],"aioseo_notices":[],"jetpack_sharing_enabled":true,"_links":{"self":[{"href":"https:\/\/pop-co.fr\/index.php\/wp-json\/wp\/v2\/product\/355228"}],"collection":[{"href":"https:\/\/pop-co.fr\/index.php\/wp-json\/wp\/v2\/product"}],"about":[{"href":"https:\/\/pop-co.fr\/index.php\/wp-json\/wp\/v2\/types\/product"}],"replies":[{"embeddable":true,"href":"https:\/\/pop-co.fr\/index.php\/wp-json\/wp\/v2\/comments?post=355228"}],"version-history":[{"count":1,"href":"https:\/\/pop-co.fr\/index.php\/wp-json\/wp\/v2\/product\/355228\/revisions"}],"predecessor-version":[{"id":356903,"href":"https:\/\/pop-co.fr\/index.php\/wp-json\/wp\/v2\/product\/355228\/revisions\/356903"}],"wp:featuredmedia":[{"embeddable":true,"href":"https:\/\/pop-co.fr\/index.php\/wp-json\/wp\/v2\/media\/355227"}],"wp:attachment":[{"href":"https:\/\/pop-co.fr\/index.php\/wp-json\/wp\/v2\/media?parent=355228"}],"wp:term":[{"taxonomy":"product_cat","embeddable":true,"href":"https:\/\/pop-co.fr\/index.php\/wp-json\/wp\/v2\/product_cat?post=355228"},{"taxonomy":"product_tag","embeddable":true,"href":"https:\/\/pop-co.fr\/index.php\/wp-json\/wp\/v2\/product_tag?post=355228"}],"curies":[{"name":"wp","href":"https:\/\/api.w.org\/{rel}","templated":true}]}}