{"id":357092,"date":"2025-08-05T18:27:07","date_gmt":"2025-08-05T16:27:07","guid":{"rendered":"https:\/\/pop-co.fr\/index.php\/product\/yura-yura-culbuto-japon-chien-et-sakura\/"},"modified":"2025-09-18T15:42:48","modified_gmt":"2025-09-18T13:42:48","slug":"yura-yura-culbuto-japon-chien-et-sakura","status":"publish","type":"product","link":"https:\/\/pop-co.fr\/index.php\/product\/yura-yura-culbuto-japon-chien-et-sakura\/","title":{"rendered":"YURA YURA CULBUTO &#8211; JAPON &#8211; Chien et Sakura"},"content":{"rendered":"<p>Figurine porte-bonheur culbuto repr\u00e9sentant des animaux et compos\u00e9 de tissu chirimen et bois. <\/p>\n<p>Repr\u00e9sente un chien, chat, hibou, grenouille, lapin au pied d&rsquo;un sakura. <\/p>\n<p>Pos\u00e9e sur un socle en bois.<\/p>\n","protected":false},"excerpt":{"rendered":"<p>Figurine porte-bonheur culbuto repr\u00e9sentant des animaux et compos\u00e9 de tissu chirimen et bois. Repr\u00e9sente un chien, chat, hibou, grenouille, lapin au pied d&rsquo;un sakura. Pos\u00e9e sur un socle en bois.<\/p>\n","protected":false},"featured_media":358695,"comment_status":"open","ping_status":"closed","template":"","meta":[],"product_cat":[82,39],"product_tag":[],"aioseo_notices":[],"jetpack_sharing_enabled":true,"_links":{"self":[{"href":"https:\/\/pop-co.fr\/index.php\/wp-json\/wp\/v2\/product\/357092"}],"collection":[{"href":"https:\/\/pop-co.fr\/index.php\/wp-json\/wp\/v2\/product"}],"about":[{"href":"https:\/\/pop-co.fr\/index.php\/wp-json\/wp\/v2\/types\/product"}],"replies":[{"embeddable":true,"href":"https:\/\/pop-co.fr\/index.php\/wp-json\/wp\/v2\/comments?post=357092"}],"version-history":[{"count":1,"href":"https:\/\/pop-co.fr\/index.php\/wp-json\/wp\/v2\/product\/357092\/revisions"}],"predecessor-version":[{"id":358147,"href":"https:\/\/pop-co.fr\/index.php\/wp-json\/wp\/v2\/product\/357092\/revisions\/358147"}],"wp:featuredmedia":[{"embeddable":true,"href":"https:\/\/pop-co.fr\/index.php\/wp-json\/wp\/v2\/media\/358695"}],"wp:attachment":[{"href":"https:\/\/pop-co.fr\/index.php\/wp-json\/wp\/v2\/media?parent=357092"}],"wp:term":[{"taxonomy":"product_cat","embeddable":true,"href":"https:\/\/pop-co.fr\/index.php\/wp-json\/wp\/v2\/product_cat?post=357092"},{"taxonomy":"product_tag","embeddable":true,"href":"https:\/\/pop-co.fr\/index.php\/wp-json\/wp\/v2\/product_tag?post=357092"}],"curies":[{"name":"wp","href":"https:\/\/api.w.org\/{rel}","templated":true}]}}