{"id":357170,"date":"2025-08-08T13:33:03","date_gmt":"2025-08-08T11:33:03","guid":{"rendered":"https:\/\/pop-co.fr\/index.php\/product\/fausse-plante-disney-tasse-alice-au-pays-des-merveilles-3\/"},"modified":"2025-09-05T12:27:57","modified_gmt":"2025-09-05T10:27:57","slug":"fausse-plante-disney-tasse-alice-au-pays-des-merveilles-3","status":"publish","type":"product","link":"https:\/\/pop-co.fr\/index.php\/product\/fausse-plante-disney-tasse-alice-au-pays-des-merveilles-3\/","title":{"rendered":"FAUSSE PLANTE &#8211; DISNEY &#8211; Tasse (Alice au pays des merveilles)"},"content":{"rendered":"<p>Une tasse \u00e0 th\u00e9 Disney Alice au pays des merveilles avec une fausse plante, un produit sous licence officielle qui est fait sur mesure pour les fans.<\/p>\n<p>Fabriqu\u00e9 en c\u00e9ramique avec une finition \u00e9maill\u00e9e de couleur bleu clair. Ce produit est une c\u00e9l\u00e9bration de ce conte fantastique avec une illustration du personnage du Chapelier fou.<\/p>\n","protected":false},"excerpt":{"rendered":"<p>Une tasse \u00e0 th\u00e9 Disney Alice au pays des merveilles avec une fausse plante, un produit sous licence officielle qui est fait sur mesure pour les fans. Fabriqu\u00e9 en c\u00e9ramique avec une finition \u00e9maill\u00e9e de couleur bleu clair. Ce produit est une c\u00e9l\u00e9bration de ce conte fantastique avec une illustration du personnage du Chapelier fou.<\/p>\n","protected":false},"featured_media":357165,"comment_status":"open","ping_status":"closed","template":"","meta":[],"product_cat":[29],"product_tag":[],"aioseo_notices":[],"jetpack_sharing_enabled":true,"_links":{"self":[{"href":"https:\/\/pop-co.fr\/index.php\/wp-json\/wp\/v2\/product\/357170"}],"collection":[{"href":"https:\/\/pop-co.fr\/index.php\/wp-json\/wp\/v2\/product"}],"about":[{"href":"https:\/\/pop-co.fr\/index.php\/wp-json\/wp\/v2\/types\/product"}],"replies":[{"embeddable":true,"href":"https:\/\/pop-co.fr\/index.php\/wp-json\/wp\/v2\/comments?post=357170"}],"version-history":[{"count":1,"href":"https:\/\/pop-co.fr\/index.php\/wp-json\/wp\/v2\/product\/357170\/revisions"}],"predecessor-version":[{"id":358146,"href":"https:\/\/pop-co.fr\/index.php\/wp-json\/wp\/v2\/product\/357170\/revisions\/358146"}],"wp:featuredmedia":[{"embeddable":true,"href":"https:\/\/pop-co.fr\/index.php\/wp-json\/wp\/v2\/media\/357165"}],"wp:attachment":[{"href":"https:\/\/pop-co.fr\/index.php\/wp-json\/wp\/v2\/media?parent=357170"}],"wp:term":[{"taxonomy":"product_cat","embeddable":true,"href":"https:\/\/pop-co.fr\/index.php\/wp-json\/wp\/v2\/product_cat?post=357170"},{"taxonomy":"product_tag","embeddable":true,"href":"https:\/\/pop-co.fr\/index.php\/wp-json\/wp\/v2\/product_tag?post=357170"}],"curies":[{"name":"wp","href":"https:\/\/api.w.org\/{rel}","templated":true}]}}