{"id":357394,"date":"2025-08-16T18:51:59","date_gmt":"2025-08-16T16:51:59","guid":{"rendered":"https:\/\/pop-co.fr\/index.php\/product\/daruma-japon-taille-m\/"},"modified":"2025-09-05T12:28:52","modified_gmt":"2025-09-05T10:28:52","slug":"daruma-japon-taille-m","status":"publish","type":"product","link":"https:\/\/pop-co.fr\/index.php\/product\/daruma-japon-taille-m\/","title":{"rendered":"DARUMA &#8211; JAPON &#8211; Taille M"},"content":{"rendered":"<p>Le Daruma est une figurine japonaise porte-bonheur, symbole de pers\u00e9v\u00e9rance et de r\u00e9ussite. Fabriqu\u00e9e \u00e0 la main avec soin, elle est id\u00e9ale pour apporter motivation et \u00e9nergie positive dans votre quotidien. Traditionnellement, le Daruma est utilis\u00e9 pour accomplir des souhaits ou des objectifs personnels : chaque \u0153il est color\u00e9 lorsque vous formulez un v\u0153u, et l\u2019autre lorsqu\u2019il est r\u00e9alis\u00e9. Offrez cette figurine unique pour inspirer d\u00e9termination et chance \u00e0 ceux que vous aimez !<\/p>\n","protected":false},"excerpt":{"rendered":"<p>Le Daruma est une figurine japonaise porte-bonheur, symbole de pers\u00e9v\u00e9rance et de r\u00e9ussite. Fabriqu\u00e9e \u00e0 la main avec soin, elle est id\u00e9ale pour apporter motivation et \u00e9nergie positive dans votre quotidien. Traditionnellement, le Daruma est utilis\u00e9 pour accomplir des souhaits ou des objectifs personnels : chaque \u0153il est color\u00e9 lorsque vous formulez un v\u0153u, et [&hellip;]<\/p>\n","protected":false},"featured_media":357575,"comment_status":"open","ping_status":"closed","template":"","meta":[],"product_cat":[82,39],"product_tag":[],"aioseo_notices":[],"jetpack_sharing_enabled":true,"_links":{"self":[{"href":"https:\/\/pop-co.fr\/index.php\/wp-json\/wp\/v2\/product\/357394"}],"collection":[{"href":"https:\/\/pop-co.fr\/index.php\/wp-json\/wp\/v2\/product"}],"about":[{"href":"https:\/\/pop-co.fr\/index.php\/wp-json\/wp\/v2\/types\/product"}],"replies":[{"embeddable":true,"href":"https:\/\/pop-co.fr\/index.php\/wp-json\/wp\/v2\/comments?post=357394"}],"version-history":[{"count":1,"href":"https:\/\/pop-co.fr\/index.php\/wp-json\/wp\/v2\/product\/357394\/revisions"}],"predecessor-version":[{"id":358148,"href":"https:\/\/pop-co.fr\/index.php\/wp-json\/wp\/v2\/product\/357394\/revisions\/358148"}],"wp:featuredmedia":[{"embeddable":true,"href":"https:\/\/pop-co.fr\/index.php\/wp-json\/wp\/v2\/media\/357575"}],"wp:attachment":[{"href":"https:\/\/pop-co.fr\/index.php\/wp-json\/wp\/v2\/media?parent=357394"}],"wp:term":[{"taxonomy":"product_cat","embeddable":true,"href":"https:\/\/pop-co.fr\/index.php\/wp-json\/wp\/v2\/product_cat?post=357394"},{"taxonomy":"product_tag","embeddable":true,"href":"https:\/\/pop-co.fr\/index.php\/wp-json\/wp\/v2\/product_tag?post=357394"}],"curies":[{"name":"wp","href":"https:\/\/api.w.org\/{rel}","templated":true}]}}