{"id":3574,"date":"2024-02-20T18:32:12","date_gmt":"2024-02-20T17:32:12","guid":{"rendered":"https:\/\/pop-co.fr\/index.php\/product\/demon-slayer-gyokko-figurine-15cm\/"},"modified":"2025-07-22T16:33:32","modified_gmt":"2025-07-22T14:33:32","slug":"demon-slayer-gyokko-figurine-15cm","status":"publish","type":"product","link":"https:\/\/pop-co.fr\/index.php\/product\/demon-slayer-gyokko-figurine-15cm\/","title":{"rendered":"DEMON SLAYER &#8211; Gyokko &#8211; Figurine 15cm"},"content":{"rendered":"<p>Figurine Demon Series 15cm<br \/>\nComposition : PVC<\/p>\n<p>Gyokko est l&rsquo;un des antagonistes de l&rsquo;arc \u00ab\u00a0Village des Forgerons\u00a0\u00bb.<br \/>\nIl fait parti des douze lunes d\u00e9moniques, il en est la cinqui\u00e8me.<br \/>\nDemon Slayer est un manga Shonen \u00e9crit par Koyoharu Gotoge de 2016 \u00e0 2020. la manga comprend 23 tomes.<\/p>\n","protected":false},"excerpt":{"rendered":"<p>Figurine Demon Series 15cm Composition : PVC Gyokko est l&rsquo;un des antagonistes de l&rsquo;arc \u00ab\u00a0Village des Forgerons\u00a0\u00bb. Il fait parti des douze lunes d\u00e9moniques, il en est la cinqui\u00e8me. Demon Slayer est un manga Shonen \u00e9crit par Koyoharu Gotoge de 2016 \u00e0 2020. la manga comprend 23 tomes.<\/p>\n","protected":false},"featured_media":354982,"comment_status":"open","ping_status":"closed","template":"","meta":[],"product_cat":[24,17],"product_tag":[],"aioseo_notices":[],"jetpack_sharing_enabled":true,"_links":{"self":[{"href":"https:\/\/pop-co.fr\/index.php\/wp-json\/wp\/v2\/product\/3574"}],"collection":[{"href":"https:\/\/pop-co.fr\/index.php\/wp-json\/wp\/v2\/product"}],"about":[{"href":"https:\/\/pop-co.fr\/index.php\/wp-json\/wp\/v2\/types\/product"}],"replies":[{"embeddable":true,"href":"https:\/\/pop-co.fr\/index.php\/wp-json\/wp\/v2\/comments?post=3574"}],"version-history":[{"count":0,"href":"https:\/\/pop-co.fr\/index.php\/wp-json\/wp\/v2\/product\/3574\/revisions"}],"wp:featuredmedia":[{"embeddable":true,"href":"https:\/\/pop-co.fr\/index.php\/wp-json\/wp\/v2\/media\/354982"}],"wp:attachment":[{"href":"https:\/\/pop-co.fr\/index.php\/wp-json\/wp\/v2\/media?parent=3574"}],"wp:term":[{"taxonomy":"product_cat","embeddable":true,"href":"https:\/\/pop-co.fr\/index.php\/wp-json\/wp\/v2\/product_cat?post=3574"},{"taxonomy":"product_tag","embeddable":true,"href":"https:\/\/pop-co.fr\/index.php\/wp-json\/wp\/v2\/product_tag?post=3574"}],"curies":[{"name":"wp","href":"https:\/\/api.w.org\/{rel}","templated":true}]}}