{"id":3589,"date":"2024-02-20T18:32:27","date_gmt":"2024-02-20T17:32:27","guid":{"rendered":"https:\/\/pop-co.fr\/index.php\/product\/mha-katsuki-bakugo-figurine-17cm\/"},"modified":"2025-07-09T13:19:06","modified_gmt":"2025-07-09T11:19:06","slug":"mha-katsuki-bakugo-figurine-17cm","status":"publish","type":"product","link":"https:\/\/pop-co.fr\/index.php\/product\/mha-katsuki-bakugo-figurine-17cm\/","title":{"rendered":"MHA &#8211; Katsuki Bakugo &#8211; Figurine 17cm"},"content":{"rendered":"<p>Figurine Age Of Heroes 17cm<br \/>\nComposition : PVC<\/p>\n<p>Banpresto vous pr\u00e9sente cette figurine de la s\u00e9rie Age of Heroes de Katsuki Bakugo, le rival d&rsquo;Izuku Midoriya.<br \/>\nIl a comme r\u00eave de surpasser All Might.<br \/>\nSon pouvoir est de s\u00e9cr\u00e9ter de la sueur semblable \u00e0 de la nitroglyc\u00e9rine et d&rsquo;enflammer cette sueur sur commande.<br \/>\nMy Hero Academia est un manga shonen \u00e9crit par Kohei Horikoshi depuis 2014.<\/p>\n","protected":false},"excerpt":{"rendered":"<p>Figurine Age Of Heroes 17cm Composition : PVC Banpresto vous pr\u00e9sente cette figurine de la s\u00e9rie Age of Heroes de Katsuki Bakugo, le rival d&rsquo;Izuku Midoriya. Il a comme r\u00eave de surpasser All Might. Son pouvoir est de s\u00e9cr\u00e9ter de la sueur semblable \u00e0 de la nitroglyc\u00e9rine et d&rsquo;enflammer cette sueur sur commande. My Hero [&hellip;]<\/p>\n","protected":false},"featured_media":354096,"comment_status":"open","ping_status":"closed","template":"","meta":[],"product_cat":[17,26],"product_tag":[],"aioseo_notices":[],"jetpack_sharing_enabled":true,"_links":{"self":[{"href":"https:\/\/pop-co.fr\/index.php\/wp-json\/wp\/v2\/product\/3589"}],"collection":[{"href":"https:\/\/pop-co.fr\/index.php\/wp-json\/wp\/v2\/product"}],"about":[{"href":"https:\/\/pop-co.fr\/index.php\/wp-json\/wp\/v2\/types\/product"}],"replies":[{"embeddable":true,"href":"https:\/\/pop-co.fr\/index.php\/wp-json\/wp\/v2\/comments?post=3589"}],"version-history":[{"count":0,"href":"https:\/\/pop-co.fr\/index.php\/wp-json\/wp\/v2\/product\/3589\/revisions"}],"wp:featuredmedia":[{"embeddable":true,"href":"https:\/\/pop-co.fr\/index.php\/wp-json\/wp\/v2\/media\/354096"}],"wp:attachment":[{"href":"https:\/\/pop-co.fr\/index.php\/wp-json\/wp\/v2\/media?parent=3589"}],"wp:term":[{"taxonomy":"product_cat","embeddable":true,"href":"https:\/\/pop-co.fr\/index.php\/wp-json\/wp\/v2\/product_cat?post=3589"},{"taxonomy":"product_tag","embeddable":true,"href":"https:\/\/pop-co.fr\/index.php\/wp-json\/wp\/v2\/product_tag?post=3589"}],"curies":[{"name":"wp","href":"https:\/\/api.w.org\/{rel}","templated":true}]}}