{"id":358992,"date":"2025-12-10T15:29:19","date_gmt":"2025-12-10T14:29:19","guid":{"rendered":"https:\/\/pop-co.fr\/index.php\/product\/naruto-shippuden-shopping-bag-groupe-konoha\/"},"modified":"2025-12-10T15:41:11","modified_gmt":"2025-12-10T14:41:11","slug":"naruto-shippuden-shopping-bag-groupe-konoha","status":"publish","type":"product","link":"https:\/\/pop-co.fr\/index.php\/product\/naruto-shippuden-shopping-bag-groupe-konoha\/","title":{"rendered":"NARUTO SHIPPUDEN &#8211; Shopping Bag &#8211; \u00ab\u00a0Groupe Konoha\u00a0\u00bb"},"content":{"rendered":"<p>Personne n&rsquo;osera toucher aux bonnes affaires que vous aurez trouv\u00e9 avec ce sac shopping Dragon Ball Z par ABYstyle prot\u00e9g\u00e9 par les Super Saiyans, Krilin et Piccolo. rnrn- Mati\u00e8re : polypropyl\u00e8ne rn- Dimensions : 40 x 40 cmrn<\/p>\n","protected":false},"excerpt":{"rendered":"<p>Personne n&rsquo;osera toucher aux bonnes affaires que vous aurez trouv\u00e9 avec ce sac shopping Dragon Ball Z par ABYstyle prot\u00e9g\u00e9 par les Super Saiyans, Krilin et Piccolo. rnrn- Mati\u00e8re : polypropyl\u00e8ne rn- Dimensions : 40 x 40 cmrn<\/p>\n","protected":false},"featured_media":359194,"comment_status":"open","ping_status":"closed","template":"","meta":[],"product_cat":[15],"product_tag":[],"aioseo_notices":[],"jetpack_sharing_enabled":true,"_links":{"self":[{"href":"https:\/\/pop-co.fr\/index.php\/wp-json\/wp\/v2\/product\/358992"}],"collection":[{"href":"https:\/\/pop-co.fr\/index.php\/wp-json\/wp\/v2\/product"}],"about":[{"href":"https:\/\/pop-co.fr\/index.php\/wp-json\/wp\/v2\/types\/product"}],"replies":[{"embeddable":true,"href":"https:\/\/pop-co.fr\/index.php\/wp-json\/wp\/v2\/comments?post=358992"}],"version-history":[{"count":1,"href":"https:\/\/pop-co.fr\/index.php\/wp-json\/wp\/v2\/product\/358992\/revisions"}],"predecessor-version":[{"id":358999,"href":"https:\/\/pop-co.fr\/index.php\/wp-json\/wp\/v2\/product\/358992\/revisions\/358999"}],"wp:featuredmedia":[{"embeddable":true,"href":"https:\/\/pop-co.fr\/index.php\/wp-json\/wp\/v2\/media\/359194"}],"wp:attachment":[{"href":"https:\/\/pop-co.fr\/index.php\/wp-json\/wp\/v2\/media?parent=358992"}],"wp:term":[{"taxonomy":"product_cat","embeddable":true,"href":"https:\/\/pop-co.fr\/index.php\/wp-json\/wp\/v2\/product_cat?post=358992"},{"taxonomy":"product_tag","embeddable":true,"href":"https:\/\/pop-co.fr\/index.php\/wp-json\/wp\/v2\/product_tag?post=358992"}],"curies":[{"name":"wp","href":"https:\/\/api.w.org\/{rel}","templated":true}]}}