{"id":359035,"date":"2025-12-10T15:30:47","date_gmt":"2025-12-10T14:30:47","guid":{"rendered":"https:\/\/pop-co.fr\/index.php\/product\/le-mont-fuji-enjoy-art\/"},"modified":"2025-12-10T15:42:39","modified_gmt":"2025-12-10T14:42:39","slug":"le-mont-fuji-enjoy-art","status":"publish","type":"product","link":"https:\/\/pop-co.fr\/index.php\/product\/le-mont-fuji-enjoy-art\/","title":{"rendered":"Le Mont Fuji &#8211; Enjoy Art"},"content":{"rendered":"<p>ENJOY ART : des concepts in\u00e9dits et tendances en peinture par num\u00e9ros ! Le Mont Fuji : Embarquez pour un voyage artistique avec le kit ENJOY ART &#8211; Le Mont Fuji 30&#215;30 cm.<br \/>\nCe kit de peinture par num\u00e9ros vous invite \u00e0 recr\u00e9er un paysage \u00e9poustouflant, o\u00f9 le calme du Mont Fuji contraste avec la vigueur des vagues d\u00e9ferlantes.<br \/>\nId\u00e9al pour vous, amateur d&rsquo;art, ce tableau est parfait pour ceux qui souhaitent r\u00e9aliser une \u0153uvre saisissante, m\u00eame sans exp\u00e9rience pr\u00e9alable en peinture.<br \/>\nLes teintes douces et le design harmonieux apporteront une touche de s\u00e9r\u00e9nit\u00e9 et de nature \u00e0 votre int\u00e9rieur, transformant votre espace en un havre de paix inspirant. <\/p>\n<p>Contenu du kit :<br \/>\n1 carton toil\u00e9 pr\u00e9 dessin\u00e9 30x30cm,<br \/>\n2 pinceaux fins(1 rond, 1 plat),<br \/>\n2 pots de peinture acrylique de chaque couleur,<br \/>\n1 accroche adh\u00e9sive pour le tableau,<br \/>\n1 guide imprim\u00e9.<\/p>\n<p>Pratique : 2 pots de peinture de chaque couleur inclus pour pouvoir passer plusieurs couches et ne pas manquer de couleur !<\/p>\n","protected":false},"excerpt":{"rendered":"<p>ENJOY ART : des concepts in\u00e9dits et tendances en peinture par num\u00e9ros ! Le Mont Fuji : Embarquez pour un voyage artistique avec le kit ENJOY ART &#8211; Le Mont Fuji 30&#215;30 cm. Ce kit de peinture par num\u00e9ros vous invite \u00e0 recr\u00e9er un paysage \u00e9poustouflant, o\u00f9 le calme du Mont Fuji contraste avec la [&hellip;]<\/p>\n","protected":false},"featured_media":359219,"comment_status":"open","ping_status":"closed","template":"","meta":[],"product_cat":[15],"product_tag":[],"aioseo_notices":[],"jetpack_sharing_enabled":true,"_links":{"self":[{"href":"https:\/\/pop-co.fr\/index.php\/wp-json\/wp\/v2\/product\/359035"}],"collection":[{"href":"https:\/\/pop-co.fr\/index.php\/wp-json\/wp\/v2\/product"}],"about":[{"href":"https:\/\/pop-co.fr\/index.php\/wp-json\/wp\/v2\/types\/product"}],"replies":[{"embeddable":true,"href":"https:\/\/pop-co.fr\/index.php\/wp-json\/wp\/v2\/comments?post=359035"}],"version-history":[{"count":0,"href":"https:\/\/pop-co.fr\/index.php\/wp-json\/wp\/v2\/product\/359035\/revisions"}],"wp:featuredmedia":[{"embeddable":true,"href":"https:\/\/pop-co.fr\/index.php\/wp-json\/wp\/v2\/media\/359219"}],"wp:attachment":[{"href":"https:\/\/pop-co.fr\/index.php\/wp-json\/wp\/v2\/media?parent=359035"}],"wp:term":[{"taxonomy":"product_cat","embeddable":true,"href":"https:\/\/pop-co.fr\/index.php\/wp-json\/wp\/v2\/product_cat?post=359035"},{"taxonomy":"product_tag","embeddable":true,"href":"https:\/\/pop-co.fr\/index.php\/wp-json\/wp\/v2\/product_tag?post=359035"}],"curies":[{"name":"wp","href":"https:\/\/api.w.org\/{rel}","templated":true}]}}