{"id":359152,"date":"2025-12-10T15:37:11","date_gmt":"2025-12-10T14:37:11","guid":{"rendered":"https:\/\/pop-co.fr\/index.php\/product\/bougie-kawaii\/"},"modified":"2025-12-10T15:49:05","modified_gmt":"2025-12-10T14:49:05","slug":"bougie-kawaii","status":"publish","type":"product","link":"https:\/\/pop-co.fr\/index.php\/product\/bougie-kawaii\/","title":{"rendered":"Bougie &#8211; Kawaii"},"content":{"rendered":"<p>Craquez pour nos Bougies Kawa\u00ef Collection \u00ab\u00a0Bo\u00eete \u00e0 Tr\u00e9sors\u00a0\u00bb !????????\u2728D\u00e9couvrez nos adorables bougies parfum\u00e9es dans de superbes bo\u00eetes m\u00e9talliques respirantes ! Une fois la bougie termin\u00e9e, vous gardez une jolie bo\u00eete pour vos petits secrets&#8230; ou vos prochains biscuits !???? ????Version Rose \u00ab\u00a0Douce Orchid\u00e9e\u00a0\u00bb : Laissez-vous envelopper par le parfum d\u00e9licat de l&rsquo;orchid\u00e9e, avec une craquante petite souris boulang\u00e8re qui pr\u00e9pare des douceurs. Tellement mignonne !????Version Jaune \u00ab\u00a0Nature Ensoleill\u00e9e\u00a0\u00bb : \u00c9vadez-vous avec la senteur fra\u00eeche de la nature, accompagn\u00e9 d&rsquo;un irr\u00e9sistible petit lapin. Une touche de gaiet\u00e9 pour votre int\u00e9rieur ! Ces bougies ne sont pas juste un plaisir pour les sens, elles sont aussi de v\u00e9ritables objets de collection. Quelle sera votre pr\u00e9f\u00e9rence ?????<\/p>\n","protected":false},"excerpt":{"rendered":"<p>Craquez pour nos Bougies Kawa\u00ef Collection \u00ab\u00a0Bo\u00eete \u00e0 Tr\u00e9sors\u00a0\u00bb !????????\u2728D\u00e9couvrez nos adorables bougies parfum\u00e9es dans de superbes bo\u00eetes m\u00e9talliques respirantes ! Une fois la bougie termin\u00e9e, vous gardez une jolie bo\u00eete pour vos petits secrets&#8230; ou vos prochains biscuits !???? ????Version Rose \u00ab\u00a0Douce Orchid\u00e9e\u00a0\u00bb : Laissez-vous envelopper par le parfum d\u00e9licat de l&rsquo;orchid\u00e9e, avec une [&hellip;]<\/p>\n","protected":false},"featured_media":359240,"comment_status":"open","ping_status":"closed","template":"","meta":[],"product_cat":[15],"product_tag":[],"aioseo_notices":[],"jetpack_sharing_enabled":true,"_links":{"self":[{"href":"https:\/\/pop-co.fr\/index.php\/wp-json\/wp\/v2\/product\/359152"}],"collection":[{"href":"https:\/\/pop-co.fr\/index.php\/wp-json\/wp\/v2\/product"}],"about":[{"href":"https:\/\/pop-co.fr\/index.php\/wp-json\/wp\/v2\/types\/product"}],"replies":[{"embeddable":true,"href":"https:\/\/pop-co.fr\/index.php\/wp-json\/wp\/v2\/comments?post=359152"}],"version-history":[{"count":1,"href":"https:\/\/pop-co.fr\/index.php\/wp-json\/wp\/v2\/product\/359152\/revisions"}],"predecessor-version":[{"id":359159,"href":"https:\/\/pop-co.fr\/index.php\/wp-json\/wp\/v2\/product\/359152\/revisions\/359159"}],"wp:featuredmedia":[{"embeddable":true,"href":"https:\/\/pop-co.fr\/index.php\/wp-json\/wp\/v2\/media\/359240"}],"wp:attachment":[{"href":"https:\/\/pop-co.fr\/index.php\/wp-json\/wp\/v2\/media?parent=359152"}],"wp:term":[{"taxonomy":"product_cat","embeddable":true,"href":"https:\/\/pop-co.fr\/index.php\/wp-json\/wp\/v2\/product_cat?post=359152"},{"taxonomy":"product_tag","embeddable":true,"href":"https:\/\/pop-co.fr\/index.php\/wp-json\/wp\/v2\/product_tag?post=359152"}],"curies":[{"name":"wp","href":"https:\/\/api.w.org\/{rel}","templated":true}]}}