{"id":359203,"date":"2025-12-10T15:41:29","date_gmt":"2025-12-10T14:41:29","guid":{"rendered":"https:\/\/pop-co.fr\/index.php\/product\/stylo-effacable-stitch\/"},"modified":"2025-12-10T15:53:23","modified_gmt":"2025-12-10T14:53:23","slug":"stylo-effacable-stitch","status":"publish","type":"product","link":"https:\/\/pop-co.fr\/index.php\/product\/stylo-effacable-stitch\/","title":{"rendered":"Stylo Effa\u00e7able &#8211; Stitch"},"content":{"rendered":"<p>Stylo gel effa\u00e7able \u00e0 encre fluide et gomme int\u00e9gr\u00e9e. Chacun comprend une figure d\u00e9corative 3D rotative sur le dessus. Dimensions : 20 cm x 15 cm x 31 cm.<\/p>\n<p>* \u00e0 l&rsquo;unit\u00e9<\/p>\n","protected":false},"excerpt":{"rendered":"<p>Stylo gel effa\u00e7able \u00e0 encre fluide et gomme int\u00e9gr\u00e9e. Chacun comprend une figure d\u00e9corative 3D rotative sur le dessus. Dimensions : 20 cm x 15 cm x 31 cm. * \u00e0 l&rsquo;unit\u00e9<\/p>\n","protected":false},"featured_media":359246,"comment_status":"open","ping_status":"closed","template":"","meta":[],"product_cat":[15],"product_tag":[],"aioseo_notices":[],"jetpack_sharing_enabled":true,"_links":{"self":[{"href":"https:\/\/pop-co.fr\/index.php\/wp-json\/wp\/v2\/product\/359203"}],"collection":[{"href":"https:\/\/pop-co.fr\/index.php\/wp-json\/wp\/v2\/product"}],"about":[{"href":"https:\/\/pop-co.fr\/index.php\/wp-json\/wp\/v2\/types\/product"}],"replies":[{"embeddable":true,"href":"https:\/\/pop-co.fr\/index.php\/wp-json\/wp\/v2\/comments?post=359203"}],"version-history":[{"count":1,"href":"https:\/\/pop-co.fr\/index.php\/wp-json\/wp\/v2\/product\/359203\/revisions"}],"predecessor-version":[{"id":359211,"href":"https:\/\/pop-co.fr\/index.php\/wp-json\/wp\/v2\/product\/359203\/revisions\/359211"}],"wp:featuredmedia":[{"embeddable":true,"href":"https:\/\/pop-co.fr\/index.php\/wp-json\/wp\/v2\/media\/359246"}],"wp:attachment":[{"href":"https:\/\/pop-co.fr\/index.php\/wp-json\/wp\/v2\/media?parent=359203"}],"wp:term":[{"taxonomy":"product_cat","embeddable":true,"href":"https:\/\/pop-co.fr\/index.php\/wp-json\/wp\/v2\/product_cat?post=359203"},{"taxonomy":"product_tag","embeddable":true,"href":"https:\/\/pop-co.fr\/index.php\/wp-json\/wp\/v2\/product_tag?post=359203"}],"curies":[{"name":"wp","href":"https:\/\/api.w.org\/{rel}","templated":true}]}}