{"id":359269,"date":"2025-12-18T14:42:21","date_gmt":"2025-12-18T13:42:21","guid":{"rendered":"https:\/\/pop-co.fr\/index.php\/product\/naruto-bubble-tea-litchee-et-passion-320ml\/"},"modified":"2025-12-18T14:42:21","modified_gmt":"2025-12-18T13:42:21","slug":"naruto-bubble-tea-litchee-et-passion-320ml","status":"publish","type":"product","link":"https:\/\/pop-co.fr\/index.php\/product\/naruto-bubble-tea-litchee-et-passion-320ml\/","title":{"rendered":"NARUTO BUBBLE TEA &#8211; LITCHEE et PASSION 320ML"},"content":{"rendered":"<p>Avec le Naruto Bubble Tea Lychee &amp; Passion, tu optes pour une boisson qui sort de l\u2019ordinaire, tout en gardant un go\u00fbt \u00e9quilibr\u00e9 et accessible. C\u2019est l\u2019occasion id\u00e9ale de d\u00e9couvrir ou red\u00e9couvrir le bubble tea sous un nouvel angle, aux c\u00f4t\u00e9s de ton personnage pr\u00e9f\u00e9r\u00e9. Laisse-toi s\u00e9duire par ce duo fruit\u00e9, et ajoute une touche d\u2019exotisme et de fun \u00e0 ta routine.<\/p>\n<p>Informations fournis par le fournisseur :<br \/>\nEau, sucre, perles remplies (eau, sucre, jus de fruit de la passion, acidifiants (E270, E296), amidon de tapioca, \u00e9paississants (E401, E415), colorant (E160a)), jus de pomme \u00e0 partir de jus concentr\u00e9 de pomme, jus de fruit de la passion, jus de litchi, infusion de th\u00e9 vert, acidifiant (E296), ar\u00f4me, colorant (E160a).<\/p>\n<p>D\u00e9claration nutritionnelle (pour 100ml): \u00e9nergie 155kJ\/37kcal, mati\u00e8res grasses 0g (dont acides gras satur\u00e9s 0g), glucides 9.3g (dont sucres 9.1g), prot\u00e9ines 0g, sel 0.03g.<\/p>\n","protected":false},"excerpt":{"rendered":"<p>Avec le Naruto Bubble Tea Lychee &amp; Passion, tu optes pour une boisson qui sort de l\u2019ordinaire, tout en gardant un go\u00fbt \u00e9quilibr\u00e9 et accessible. C\u2019est l\u2019occasion id\u00e9ale de d\u00e9couvrir ou red\u00e9couvrir le bubble tea sous un nouvel angle, aux c\u00f4t\u00e9s de ton personnage pr\u00e9f\u00e9r\u00e9. Laisse-toi s\u00e9duire par ce duo fruit\u00e9, et ajoute une touche [&hellip;]<\/p>\n","protected":false},"featured_media":359268,"comment_status":"open","ping_status":"closed","template":"","meta":[],"product_cat":[15],"product_tag":[],"aioseo_notices":[],"jetpack_sharing_enabled":true,"_links":{"self":[{"href":"https:\/\/pop-co.fr\/index.php\/wp-json\/wp\/v2\/product\/359269"}],"collection":[{"href":"https:\/\/pop-co.fr\/index.php\/wp-json\/wp\/v2\/product"}],"about":[{"href":"https:\/\/pop-co.fr\/index.php\/wp-json\/wp\/v2\/types\/product"}],"replies":[{"embeddable":true,"href":"https:\/\/pop-co.fr\/index.php\/wp-json\/wp\/v2\/comments?post=359269"}],"version-history":[{"count":0,"href":"https:\/\/pop-co.fr\/index.php\/wp-json\/wp\/v2\/product\/359269\/revisions"}],"wp:featuredmedia":[{"embeddable":true,"href":"https:\/\/pop-co.fr\/index.php\/wp-json\/wp\/v2\/media\/359268"}],"wp:attachment":[{"href":"https:\/\/pop-co.fr\/index.php\/wp-json\/wp\/v2\/media?parent=359269"}],"wp:term":[{"taxonomy":"product_cat","embeddable":true,"href":"https:\/\/pop-co.fr\/index.php\/wp-json\/wp\/v2\/product_cat?post=359269"},{"taxonomy":"product_tag","embeddable":true,"href":"https:\/\/pop-co.fr\/index.php\/wp-json\/wp\/v2\/product_tag?post=359269"}],"curies":[{"name":"wp","href":"https:\/\/api.w.org\/{rel}","templated":true}]}}