{"id":3594,"date":"2024-02-20T18:32:32","date_gmt":"2024-02-20T17:32:32","guid":{"rendered":"https:\/\/pop-co.fr\/index.php\/product\/dragon-ball-son-goku-figurine-13cm\/"},"modified":"2025-07-09T13:18:53","modified_gmt":"2025-07-09T11:18:53","slug":"dragon-ball-son-goku-figurine-13cm","status":"publish","type":"product","link":"https:\/\/pop-co.fr\/index.php\/product\/dragon-ball-son-goku-figurine-13cm\/","title":{"rendered":"DRAGON BALL &#8211; Son Goku &#8211; Figurine 13cm"},"content":{"rendered":"<p>Figurine GXMATERIA 13cm<br \/>\nComposition : PVC<\/p>\n<p>Banpresto vous pr\u00e9sente cette figurine de la s\u00e9rie GXMATERIA de Son Goku, le plus fort des saiyan.<br \/>\nMari\u00e9 \u00e0 Chichi, il est le p\u00e8re de Son Gohan et de Son Goten, et le grand-p\u00e8re de Pan.<br \/>\nIl est l&rsquo;\u00e9l\u00e8ve de Kam\u00e9 Sennin, et est le meilleur ami de Krillin.<br \/>\nDragon Ball est un manga shonen \u00e9crit par Akira Toriyama de 1984 \u00e0 1995.<br \/>\nLe manga comprend 42 tomes.<\/p>\n","protected":false},"excerpt":{"rendered":"<p>Figurine GXMATERIA 13cm Composition : PVC Banpresto vous pr\u00e9sente cette figurine de la s\u00e9rie GXMATERIA de Son Goku, le plus fort des saiyan. Mari\u00e9 \u00e0 Chichi, il est le p\u00e8re de Son Gohan et de Son Goten, et le grand-p\u00e8re de Pan. Il est l&rsquo;\u00e9l\u00e8ve de Kam\u00e9 Sennin, et est le meilleur ami de Krillin. [&hellip;]<\/p>\n","protected":false},"featured_media":354092,"comment_status":"open","ping_status":"closed","template":"","meta":[],"product_cat":[17,23],"product_tag":[],"aioseo_notices":[],"jetpack_sharing_enabled":true,"_links":{"self":[{"href":"https:\/\/pop-co.fr\/index.php\/wp-json\/wp\/v2\/product\/3594"}],"collection":[{"href":"https:\/\/pop-co.fr\/index.php\/wp-json\/wp\/v2\/product"}],"about":[{"href":"https:\/\/pop-co.fr\/index.php\/wp-json\/wp\/v2\/types\/product"}],"replies":[{"embeddable":true,"href":"https:\/\/pop-co.fr\/index.php\/wp-json\/wp\/v2\/comments?post=3594"}],"version-history":[{"count":0,"href":"https:\/\/pop-co.fr\/index.php\/wp-json\/wp\/v2\/product\/3594\/revisions"}],"wp:featuredmedia":[{"embeddable":true,"href":"https:\/\/pop-co.fr\/index.php\/wp-json\/wp\/v2\/media\/354092"}],"wp:attachment":[{"href":"https:\/\/pop-co.fr\/index.php\/wp-json\/wp\/v2\/media?parent=3594"}],"wp:term":[{"taxonomy":"product_cat","embeddable":true,"href":"https:\/\/pop-co.fr\/index.php\/wp-json\/wp\/v2\/product_cat?post=3594"},{"taxonomy":"product_tag","embeddable":true,"href":"https:\/\/pop-co.fr\/index.php\/wp-json\/wp\/v2\/product_tag?post=3594"}],"curies":[{"name":"wp","href":"https:\/\/api.w.org\/{rel}","templated":true}]}}