{"id":3675,"date":"2024-02-20T18:34:15","date_gmt":"2024-02-20T17:34:15","guid":{"rendered":"https:\/\/pop-co.fr\/index.php\/product\/carnet-wednesday-la-chose-et-mercredi-addams\/"},"modified":"2025-07-19T18:47:28","modified_gmt":"2025-07-19T16:47:28","slug":"carnet-wednesday-la-chose-et-mercredi-addams","status":"publish","type":"product","link":"https:\/\/pop-co.fr\/index.php\/product\/carnet-wednesday-la-chose-et-mercredi-addams\/","title":{"rendered":"CARNET &#8211; WEDNESDAY &#8211; La Chose et Mercredi Addams"},"content":{"rendered":"<p>Cahier A5. Couverture pellicul\u00e9e matte, int\u00e9rieur personnalis\u00e9, coins arrondis et reliure coll\u00e9e. Comprend 90 feuilles (180 pages) de 100g\/m2.<\/p>\n","protected":false},"excerpt":{"rendered":"<p>Cahier A5. Couverture pellicul\u00e9e matte, int\u00e9rieur personnalis\u00e9, coins arrondis et reliure coll\u00e9e. Comprend 90 feuilles (180 pages) de 100g\/m2.<\/p>\n","protected":false},"featured_media":354849,"comment_status":"open","ping_status":"closed","template":"","meta":[],"product_cat":[64,39],"product_tag":[],"aioseo_notices":[],"jetpack_sharing_enabled":true,"_links":{"self":[{"href":"https:\/\/pop-co.fr\/index.php\/wp-json\/wp\/v2\/product\/3675"}],"collection":[{"href":"https:\/\/pop-co.fr\/index.php\/wp-json\/wp\/v2\/product"}],"about":[{"href":"https:\/\/pop-co.fr\/index.php\/wp-json\/wp\/v2\/types\/product"}],"replies":[{"embeddable":true,"href":"https:\/\/pop-co.fr\/index.php\/wp-json\/wp\/v2\/comments?post=3675"}],"version-history":[{"count":0,"href":"https:\/\/pop-co.fr\/index.php\/wp-json\/wp\/v2\/product\/3675\/revisions"}],"wp:featuredmedia":[{"embeddable":true,"href":"https:\/\/pop-co.fr\/index.php\/wp-json\/wp\/v2\/media\/354849"}],"wp:attachment":[{"href":"https:\/\/pop-co.fr\/index.php\/wp-json\/wp\/v2\/media?parent=3675"}],"wp:term":[{"taxonomy":"product_cat","embeddable":true,"href":"https:\/\/pop-co.fr\/index.php\/wp-json\/wp\/v2\/product_cat?post=3675"},{"taxonomy":"product_tag","embeddable":true,"href":"https:\/\/pop-co.fr\/index.php\/wp-json\/wp\/v2\/product_tag?post=3675"}],"curies":[{"name":"wp","href":"https:\/\/api.w.org\/{rel}","templated":true}]}}