{"id":36975,"date":"2024-02-26T14:02:23","date_gmt":"2024-02-26T13:02:23","guid":{"rendered":"https:\/\/pop-co.fr\/index.php\/product\/smiski-smiski-living-figurine-mystere\/"},"modified":"2025-06-28T13:04:30","modified_gmt":"2025-06-28T11:04:30","slug":"smiski-smiski-living-figurine-mystere","status":"publish","type":"product","link":"https:\/\/pop-co.fr\/index.php\/product\/smiski-smiski-living-figurine-mystere\/","title":{"rendered":"SMISKI &#8211; Living &#8211; Figurine myst\u00e8re"},"content":{"rendered":"<p>*ATTENTION PRODUIT AL\u00c9ATOIRE NE POUVANT \u00caTRE RETOURN\u00c9*<br \/>\nx1 Figurine PVC 7cm<\/p>\n<p>Une nouvelle s\u00e9rie de Smiski &#8211; ces petites cr\u00e9atures qui vivent cach\u00e9es dans les coins de la maison s&rsquo;amusent dans le salon!<\/p>\n<p>Invisibles le jours, les Smiski sont phosphorescents et la nuits ils brillent discr\u00e8tement.<\/p>\n","protected":false},"excerpt":{"rendered":"<p>*ATTENTION PRODUIT AL\u00c9ATOIRE NE POUVANT \u00caTRE RETOURN\u00c9* x1 Figurine PVC 7cm Une nouvelle s\u00e9rie de Smiski &#8211; ces petites cr\u00e9atures qui vivent cach\u00e9es dans les coins de la maison s&rsquo;amusent dans le salon! Invisibles le jours, les Smiski sont phosphorescents et la nuits ils brillent discr\u00e8tement.<\/p>\n","protected":false},"featured_media":346509,"comment_status":"open","ping_status":"closed","template":"","meta":[],"product_cat":[39,67],"product_tag":[],"aioseo_notices":[],"jetpack_sharing_enabled":true,"_links":{"self":[{"href":"https:\/\/pop-co.fr\/index.php\/wp-json\/wp\/v2\/product\/36975"}],"collection":[{"href":"https:\/\/pop-co.fr\/index.php\/wp-json\/wp\/v2\/product"}],"about":[{"href":"https:\/\/pop-co.fr\/index.php\/wp-json\/wp\/v2\/types\/product"}],"replies":[{"embeddable":true,"href":"https:\/\/pop-co.fr\/index.php\/wp-json\/wp\/v2\/comments?post=36975"}],"version-history":[{"count":0,"href":"https:\/\/pop-co.fr\/index.php\/wp-json\/wp\/v2\/product\/36975\/revisions"}],"wp:featuredmedia":[{"embeddable":true,"href":"https:\/\/pop-co.fr\/index.php\/wp-json\/wp\/v2\/media\/346509"}],"wp:attachment":[{"href":"https:\/\/pop-co.fr\/index.php\/wp-json\/wp\/v2\/media?parent=36975"}],"wp:term":[{"taxonomy":"product_cat","embeddable":true,"href":"https:\/\/pop-co.fr\/index.php\/wp-json\/wp\/v2\/product_cat?post=36975"},{"taxonomy":"product_tag","embeddable":true,"href":"https:\/\/pop-co.fr\/index.php\/wp-json\/wp\/v2\/product_tag?post=36975"}],"curies":[{"name":"wp","href":"https:\/\/api.w.org\/{rel}","templated":true}]}}