{"id":37014,"date":"2024-02-26T14:03:06","date_gmt":"2024-02-26T13:03:06","guid":{"rendered":"https:\/\/pop-co.fr\/index.php\/product\/smiski-smiski-toilette-figurine-mystere\/"},"modified":"2025-07-19T18:10:16","modified_gmt":"2025-07-19T16:10:16","slug":"smiski-smiski-toilette-figurine-mystere","status":"publish","type":"product","link":"https:\/\/pop-co.fr\/index.php\/product\/smiski-smiski-toilette-figurine-mystere\/","title":{"rendered":"SMISKI &#8211; Toilettes  &#8211; Figurine myst\u00e8re"},"content":{"rendered":"<p>*ATTENTION PRODUIT AL\u00c9ATOIRE NE POUVANT \u00caTRE RETOURN\u00c9*<br \/>\nx1 Figurine PVC 7cm<\/p>\n<p>Les farceurs Smiski envahissent toilettes! La s\u00e9ries la plus dr\u00f4le de Smiski!<\/p>\n<p>Invisibles le jours, les Smiski sont phosphorescents et la nuits ils brillent discr\u00e8tement.<\/p>\n","protected":false},"excerpt":{"rendered":"<p>*ATTENTION PRODUIT AL\u00c9ATOIRE NE POUVANT \u00caTRE RETOURN\u00c9* x1 Figurine PVC 7cm Les farceurs Smiski envahissent toilettes! La s\u00e9ries la plus dr\u00f4le de Smiski! Invisibles le jours, les Smiski sont phosphorescents et la nuits ils brillent discr\u00e8tement.<\/p>\n","protected":false},"featured_media":354835,"comment_status":"open","ping_status":"closed","template":"","meta":[],"product_cat":[39,67],"product_tag":[],"aioseo_notices":[],"jetpack_sharing_enabled":true,"_links":{"self":[{"href":"https:\/\/pop-co.fr\/index.php\/wp-json\/wp\/v2\/product\/37014"}],"collection":[{"href":"https:\/\/pop-co.fr\/index.php\/wp-json\/wp\/v2\/product"}],"about":[{"href":"https:\/\/pop-co.fr\/index.php\/wp-json\/wp\/v2\/types\/product"}],"replies":[{"embeddable":true,"href":"https:\/\/pop-co.fr\/index.php\/wp-json\/wp\/v2\/comments?post=37014"}],"version-history":[{"count":0,"href":"https:\/\/pop-co.fr\/index.php\/wp-json\/wp\/v2\/product\/37014\/revisions"}],"wp:featuredmedia":[{"embeddable":true,"href":"https:\/\/pop-co.fr\/index.php\/wp-json\/wp\/v2\/media\/354835"}],"wp:attachment":[{"href":"https:\/\/pop-co.fr\/index.php\/wp-json\/wp\/v2\/media?parent=37014"}],"wp:term":[{"taxonomy":"product_cat","embeddable":true,"href":"https:\/\/pop-co.fr\/index.php\/wp-json\/wp\/v2\/product_cat?post=37014"},{"taxonomy":"product_tag","embeddable":true,"href":"https:\/\/pop-co.fr\/index.php\/wp-json\/wp\/v2\/product_tag?post=37014"}],"curies":[{"name":"wp","href":"https:\/\/api.w.org\/{rel}","templated":true}]}}