{"id":37028,"date":"2024-02-26T14:03:19","date_gmt":"2024-02-26T13:03:19","guid":{"rendered":"https:\/\/pop-co.fr\/index.php\/product\/smiski-smiski-moving-figurine-mystere\/"},"modified":"2025-07-08T18:04:36","modified_gmt":"2025-07-08T16:04:36","slug":"smiski-smiski-moving-figurine-mystere","status":"publish","type":"product","link":"https:\/\/pop-co.fr\/index.php\/product\/smiski-smiski-moving-figurine-mystere\/","title":{"rendered":"SMISKI &#8211; Moving &#8211; Figurine myst\u00e8re"},"content":{"rendered":"<p>*ATTENTION PRODUIT AL\u00c9ATOIRE NE POUVANT \u00caTRE RETOURN\u00c9*<br \/>\nx1 Figurine PVC 7cm<\/p>\n<p>Les farceurs Smiski vous aident \u00e0 d\u00e9m\u00e9nager!!<\/p>\n<p>Invisibles le jour, les Smiski sont phosphorescents et brillent discr\u00e8tement pendant la nuit.<\/p>\n","protected":false},"excerpt":{"rendered":"<p>*ATTENTION PRODUIT AL\u00c9ATOIRE NE POUVANT \u00caTRE RETOURN\u00c9* x1 Figurine PVC 7cm Les farceurs Smiski vous aident \u00e0 d\u00e9m\u00e9nager!! Invisibles le jour, les Smiski sont phosphorescents et brillent discr\u00e8tement pendant la nuit.<\/p>\n","protected":false},"featured_media":353981,"comment_status":"open","ping_status":"closed","template":"","meta":[],"product_cat":[39,67],"product_tag":[],"aioseo_notices":[],"jetpack_sharing_enabled":true,"_links":{"self":[{"href":"https:\/\/pop-co.fr\/index.php\/wp-json\/wp\/v2\/product\/37028"}],"collection":[{"href":"https:\/\/pop-co.fr\/index.php\/wp-json\/wp\/v2\/product"}],"about":[{"href":"https:\/\/pop-co.fr\/index.php\/wp-json\/wp\/v2\/types\/product"}],"replies":[{"embeddable":true,"href":"https:\/\/pop-co.fr\/index.php\/wp-json\/wp\/v2\/comments?post=37028"}],"version-history":[{"count":0,"href":"https:\/\/pop-co.fr\/index.php\/wp-json\/wp\/v2\/product\/37028\/revisions"}],"wp:featuredmedia":[{"embeddable":true,"href":"https:\/\/pop-co.fr\/index.php\/wp-json\/wp\/v2\/media\/353981"}],"wp:attachment":[{"href":"https:\/\/pop-co.fr\/index.php\/wp-json\/wp\/v2\/media?parent=37028"}],"wp:term":[{"taxonomy":"product_cat","embeddable":true,"href":"https:\/\/pop-co.fr\/index.php\/wp-json\/wp\/v2\/product_cat?post=37028"},{"taxonomy":"product_tag","embeddable":true,"href":"https:\/\/pop-co.fr\/index.php\/wp-json\/wp\/v2\/product_tag?post=37028"}],"curies":[{"name":"wp","href":"https:\/\/api.w.org\/{rel}","templated":true}]}}