{"id":37045,"date":"2024-02-26T14:03:34","date_gmt":"2024-02-26T13:03:34","guid":{"rendered":"https:\/\/pop-co.fr\/index.php\/product\/smiski-smiski-bed-figurine-mystere\/"},"modified":"2025-07-02T14:30:39","modified_gmt":"2025-07-02T12:30:39","slug":"smiski-smiski-bed-figurine-mystere","status":"publish","type":"product","link":"https:\/\/pop-co.fr\/index.php\/product\/smiski-smiski-bed-figurine-mystere\/","title":{"rendered":"SMISKI &#8211; Bed &#8211; Figurine myst\u00e8re"},"content":{"rendered":"<p>*ATTENTION PRODUIT AL\u00c9ATOIRE NE POUVANT \u00caTRE RETOURN\u00c9*<br \/>\nx1 Figurine PVC 7cm<\/p>\n<p>Une nouvelle s\u00e9rie de Smiski &#8211; ces petites cr\u00e9atures qui vivent cach\u00e9es dans les coins de la maison s&rsquo;installent dans la chambre!<\/p>\n<p>Invisibles le jours, les Smiski sont phosphorescents et la nuits ils brillent discr\u00e8tement.<\/p>\n","protected":false},"excerpt":{"rendered":"<p>*ATTENTION PRODUIT AL\u00c9ATOIRE NE POUVANT \u00caTRE RETOURN\u00c9* x1 Figurine PVC 7cm Une nouvelle s\u00e9rie de Smiski &#8211; ces petites cr\u00e9atures qui vivent cach\u00e9es dans les coins de la maison s&rsquo;installent dans la chambre! Invisibles le jours, les Smiski sont phosphorescents et la nuits ils brillent discr\u00e8tement.<\/p>\n","protected":false},"featured_media":353245,"comment_status":"open","ping_status":"closed","template":"","meta":[],"product_cat":[39,67],"product_tag":[],"aioseo_notices":[],"jetpack_sharing_enabled":true,"_links":{"self":[{"href":"https:\/\/pop-co.fr\/index.php\/wp-json\/wp\/v2\/product\/37045"}],"collection":[{"href":"https:\/\/pop-co.fr\/index.php\/wp-json\/wp\/v2\/product"}],"about":[{"href":"https:\/\/pop-co.fr\/index.php\/wp-json\/wp\/v2\/types\/product"}],"replies":[{"embeddable":true,"href":"https:\/\/pop-co.fr\/index.php\/wp-json\/wp\/v2\/comments?post=37045"}],"version-history":[{"count":0,"href":"https:\/\/pop-co.fr\/index.php\/wp-json\/wp\/v2\/product\/37045\/revisions"}],"wp:featuredmedia":[{"embeddable":true,"href":"https:\/\/pop-co.fr\/index.php\/wp-json\/wp\/v2\/media\/353245"}],"wp:attachment":[{"href":"https:\/\/pop-co.fr\/index.php\/wp-json\/wp\/v2\/media?parent=37045"}],"wp:term":[{"taxonomy":"product_cat","embeddable":true,"href":"https:\/\/pop-co.fr\/index.php\/wp-json\/wp\/v2\/product_cat?post=37045"},{"taxonomy":"product_tag","embeddable":true,"href":"https:\/\/pop-co.fr\/index.php\/wp-json\/wp\/v2\/product_tag?post=37045"}],"curies":[{"name":"wp","href":"https:\/\/api.w.org\/{rel}","templated":true}]}}