{"id":37364,"date":"2024-02-26T15:29:55","date_gmt":"2024-02-26T14:29:55","guid":{"rendered":"https:\/\/pop-co.fr\/index.php\/product\/coffret-hello-kitty-bombes-de-bains-x12\/"},"modified":"2025-06-28T13:04:15","modified_gmt":"2025-06-28T11:04:15","slug":"coffret-hello-kitty-bombes-de-bains-x12","status":"publish","type":"product","link":"https:\/\/pop-co.fr\/index.php\/product\/coffret-hello-kitty-bombes-de-bains-x12\/","title":{"rendered":"COFFRET &#8211; HELLO KITTY &#8211; Bombes de bains x12"},"content":{"rendered":"<p>Parfume le bain aux notes fraiches, fruit\u00e9es et fleuries, colore, parfume et paillette l&rsquo;eau du bain afin de vous procurer un moment ressour\u00e7ant et magique , bombe de bain effervescente et apaisante &#8211;<br \/>\nconforme \u00e0 la r\u00e8glementation sur les cosm\u00e9tiques 1223\/2009\/CEE,<\/p>\n<p>Sortez la bombe de son emballage et placez la dans l&rsquo;eau du bain. Profitez!<br \/>\nA usage unique<\/p>\n","protected":false},"excerpt":{"rendered":"<p>Parfume le bain aux notes fraiches, fruit\u00e9es et fleuries, colore, parfume et paillette l&rsquo;eau du bain afin de vous procurer un moment ressour\u00e7ant et magique , bombe de bain effervescente et apaisante &#8211; conforme \u00e0 la r\u00e8glementation sur les cosm\u00e9tiques 1223\/2009\/CEE, Sortez la bombe de son emballage et placez la dans l&rsquo;eau du bain. Profitez! [&hellip;]<\/p>\n","protected":false},"featured_media":327188,"comment_status":"open","ping_status":"closed","template":"","meta":[],"product_cat":[80,17],"product_tag":[],"aioseo_notices":[],"jetpack_sharing_enabled":true,"_links":{"self":[{"href":"https:\/\/pop-co.fr\/index.php\/wp-json\/wp\/v2\/product\/37364"}],"collection":[{"href":"https:\/\/pop-co.fr\/index.php\/wp-json\/wp\/v2\/product"}],"about":[{"href":"https:\/\/pop-co.fr\/index.php\/wp-json\/wp\/v2\/types\/product"}],"replies":[{"embeddable":true,"href":"https:\/\/pop-co.fr\/index.php\/wp-json\/wp\/v2\/comments?post=37364"}],"version-history":[{"count":0,"href":"https:\/\/pop-co.fr\/index.php\/wp-json\/wp\/v2\/product\/37364\/revisions"}],"wp:featuredmedia":[{"embeddable":true,"href":"https:\/\/pop-co.fr\/index.php\/wp-json\/wp\/v2\/media\/327188"}],"wp:attachment":[{"href":"https:\/\/pop-co.fr\/index.php\/wp-json\/wp\/v2\/media?parent=37364"}],"wp:term":[{"taxonomy":"product_cat","embeddable":true,"href":"https:\/\/pop-co.fr\/index.php\/wp-json\/wp\/v2\/product_cat?post=37364"},{"taxonomy":"product_tag","embeddable":true,"href":"https:\/\/pop-co.fr\/index.php\/wp-json\/wp\/v2\/product_tag?post=37364"}],"curies":[{"name":"wp","href":"https:\/\/api.w.org\/{rel}","templated":true}]}}