{"id":3845,"date":"2024-02-20T18:37:10","date_gmt":"2024-02-20T17:37:10","guid":{"rendered":"https:\/\/pop-co.fr\/index.php\/product\/pins-mystere-disney-stitch-noel\/"},"modified":"2025-06-28T13:36:50","modified_gmt":"2025-06-28T11:36:50","slug":"pins-mystere-disney-stitch-noel","status":"publish","type":"product","link":"https:\/\/pop-co.fr\/index.php\/product\/pins-mystere-disney-stitch-noel\/","title":{"rendered":"PIN&rsquo;S MYSTERE &#8211; DISNEY &#8211; Stitch No\u00ebl"},"content":{"rendered":"<p>*ATTENTION PRODUIT AL\u00c9ATOIRE NE POUVANT \u00caTRE RETOURN\u00c9*<\/p>\n<p>X1 Badge en m\u00e9tal \u00e9maill\u00e9 taille env. 4 cm, en emballage bo\u00eete-myst\u00e8re.<\/p>\n<p>Ayez l&rsquo;air d\u00e9tendu et laissez tomber la neige ! Notre ensemble d&rsquo;\u00e9pinglettes Loungefly Disney Stitch Holiday Mystery Box est l\u00e0 pour vous mettre dans l&rsquo;esprit des f\u00eates. Stich de Disney s&rsquo;amuse comme un fou, car cet ensemble d&rsquo;\u00e9pinglettes le repr\u00e9sente en pain d&rsquo;\u00e9pices, habill\u00e9 en P\u00e8re No\u00ebl et tenant Scrump, portant un cadeau, sortant d&rsquo;un bas et s&rsquo;amusant avec un Scrump \u00ab\u00a0en neige\u00a0\u00bb qu&rsquo;il a fabriqu\u00e9. Les \u00e9pingles sont vendues individuellement dans une bo\u00eete myst\u00e8re. Il y a une chance sur 12 que vous trouviez l&rsquo;\u00e9pingle de poursuite \u00ab\u00a0Point de neige\u00a0\u00bb paillet\u00e9e. Adoptez un nouveau look cool tout en exp\u00e9rimentant votre style. Chaque \u00e9pingle en \u00e9mail mesure environ 3,8 cm de haut et est orn\u00e9e d&rsquo;une quincaillerie de couleur bronze et de la couronne Loungefly\/Funko en relief. Ces pin&rsquo;s sont des produits officiels sous licence Disney. Remarque : nous ne pouvons pas accepter les demandes d&rsquo;articles sp\u00e9cifiques. La s\u00e9lection des articles est al\u00e9atoire, car chaque pi\u00e8ce est emball\u00e9e dans une bo\u00eete myst\u00e8re. Il se peut que vous receviez des figurines en double. Les variantes de Chase sont exp\u00e9di\u00e9es au hasard. Il n&rsquo;est pas garanti que vous receviez une Chase lors de l&rsquo;achat.<\/p>\n","protected":false},"excerpt":{"rendered":"<p>*ATTENTION PRODUIT AL\u00c9ATOIRE NE POUVANT \u00caTRE RETOURN\u00c9* X1 Badge en m\u00e9tal \u00e9maill\u00e9 taille env. 4 cm, en emballage bo\u00eete-myst\u00e8re. Ayez l&rsquo;air d\u00e9tendu et laissez tomber la neige ! Notre ensemble d&rsquo;\u00e9pinglettes Loungefly Disney Stitch Holiday Mystery Box est l\u00e0 pour vous mettre dans l&rsquo;esprit des f\u00eates. Stich de Disney s&rsquo;amuse comme un fou, car cet [&hellip;]<\/p>\n","protected":false},"featured_media":282828,"comment_status":"open","ping_status":"closed","template":"","meta":[],"product_cat":[30],"product_tag":[],"aioseo_notices":[],"jetpack_sharing_enabled":true,"_links":{"self":[{"href":"https:\/\/pop-co.fr\/index.php\/wp-json\/wp\/v2\/product\/3845"}],"collection":[{"href":"https:\/\/pop-co.fr\/index.php\/wp-json\/wp\/v2\/product"}],"about":[{"href":"https:\/\/pop-co.fr\/index.php\/wp-json\/wp\/v2\/types\/product"}],"replies":[{"embeddable":true,"href":"https:\/\/pop-co.fr\/index.php\/wp-json\/wp\/v2\/comments?post=3845"}],"version-history":[{"count":0,"href":"https:\/\/pop-co.fr\/index.php\/wp-json\/wp\/v2\/product\/3845\/revisions"}],"wp:featuredmedia":[{"embeddable":true,"href":"https:\/\/pop-co.fr\/index.php\/wp-json\/wp\/v2\/media\/282828"}],"wp:attachment":[{"href":"https:\/\/pop-co.fr\/index.php\/wp-json\/wp\/v2\/media?parent=3845"}],"wp:term":[{"taxonomy":"product_cat","embeddable":true,"href":"https:\/\/pop-co.fr\/index.php\/wp-json\/wp\/v2\/product_cat?post=3845"},{"taxonomy":"product_tag","embeddable":true,"href":"https:\/\/pop-co.fr\/index.php\/wp-json\/wp\/v2\/product_tag?post=3845"}],"curies":[{"name":"wp","href":"https:\/\/api.w.org\/{rel}","templated":true}]}}