{"id":3855,"date":"2024-02-20T18:37:19","date_gmt":"2024-02-20T17:37:19","guid":{"rendered":"https:\/\/pop-co.fr\/index.php\/product\/sac-bandouliere-loungefly-disney-stitch-holiday\/"},"modified":"2025-07-10T14:52:04","modified_gmt":"2025-07-10T12:52:04","slug":"sac-bandouliere-loungefly-disney-stitch-holiday","status":"publish","type":"product","link":"https:\/\/pop-co.fr\/index.php\/product\/sac-bandouliere-loungefly-disney-stitch-holiday\/","title":{"rendered":"SAC BANDOULIERE LOUNGEFLY &#8211; DISNEY &#8211; Stitch holiday"},"content":{"rendered":"<p>Habillez-vous, il est temps de jouer ! Le sac \u00e0 bandouli\u00e8re Loungefly Stitch Holiday Cosplay met en sc\u00e8ne les plaisirs de la neige. Sur le devant, Stitch porte un chapeau festif et grignote un sucre d&rsquo;orge en \u00e9mail. Soulevez le rabat sup\u00e9rieur du sac pour d\u00e9couvrir Stitch avec une autre expression faciale ! Un fond de neige paillet\u00e9e appara\u00eet derri\u00e8re lui et se poursuit sur le corps du sac. Au dos, Scrump porte un bonnet et une \u00e9charpe confortables tout en regardant les flocons de neige tomber. Avec beaucoup d&rsquo;espace pour ranger les objets essentiels \u00e0 la r\u00e9cr\u00e9ation, ce sac est l&rsquo;accessoire parfait pour les aventures hivernales avec les amis.<br \/>\nLe sac Loungefly Stitch Snow Angel Cosplay Crossbody Bag est fabriqu\u00e9 en cuir v\u00e9g\u00e9talien (polyur\u00e9thane). Le sac est dot\u00e9 d&rsquo;une bandouli\u00e8re r\u00e9glable (d\u00e9tachable) et d&rsquo;une solide fermeture en m\u00e9tal. Les autres caract\u00e9ristiques comprennent des d\u00e9tails appliqu\u00e9s, brod\u00e9s, paillet\u00e9s et imprim\u00e9s. Notez la doublure int\u00e9rieure coordonn\u00e9e.<br \/>\nCe sac est un produit Disney sous licence officielle.<\/p>\n","protected":false},"excerpt":{"rendered":"<p>Habillez-vous, il est temps de jouer ! Le sac \u00e0 bandouli\u00e8re Loungefly Stitch Holiday Cosplay met en sc\u00e8ne les plaisirs de la neige. Sur le devant, Stitch porte un chapeau festif et grignote un sucre d&rsquo;orge en \u00e9mail. Soulevez le rabat sup\u00e9rieur du sac pour d\u00e9couvrir Stitch avec une autre expression faciale ! Un fond [&hellip;]<\/p>\n","protected":false},"featured_media":354209,"comment_status":"open","ping_status":"closed","template":"","meta":[],"product_cat":[48,47],"product_tag":[],"aioseo_notices":[],"jetpack_sharing_enabled":true,"_links":{"self":[{"href":"https:\/\/pop-co.fr\/index.php\/wp-json\/wp\/v2\/product\/3855"}],"collection":[{"href":"https:\/\/pop-co.fr\/index.php\/wp-json\/wp\/v2\/product"}],"about":[{"href":"https:\/\/pop-co.fr\/index.php\/wp-json\/wp\/v2\/types\/product"}],"replies":[{"embeddable":true,"href":"https:\/\/pop-co.fr\/index.php\/wp-json\/wp\/v2\/comments?post=3855"}],"version-history":[{"count":0,"href":"https:\/\/pop-co.fr\/index.php\/wp-json\/wp\/v2\/product\/3855\/revisions"}],"wp:featuredmedia":[{"embeddable":true,"href":"https:\/\/pop-co.fr\/index.php\/wp-json\/wp\/v2\/media\/354209"}],"wp:attachment":[{"href":"https:\/\/pop-co.fr\/index.php\/wp-json\/wp\/v2\/media?parent=3855"}],"wp:term":[{"taxonomy":"product_cat","embeddable":true,"href":"https:\/\/pop-co.fr\/index.php\/wp-json\/wp\/v2\/product_cat?post=3855"},{"taxonomy":"product_tag","embeddable":true,"href":"https:\/\/pop-co.fr\/index.php\/wp-json\/wp\/v2\/product_tag?post=3855"}],"curies":[{"name":"wp","href":"https:\/\/api.w.org\/{rel}","templated":true}]}}