{"id":3875,"date":"2024-02-20T18:37:38","date_gmt":"2024-02-20T17:37:38","guid":{"rendered":"https:\/\/pop-co.fr\/index.php\/product\/portefeuille-loungefly-disney-mickey-mouse-et-minnie-mouse-pastel-bonhomme-de-neige\/"},"modified":"2025-07-29T11:15:13","modified_gmt":"2025-07-29T09:15:13","slug":"portefeuille-loungefly-disney-mickey-mouse-et-minnie-mouse-pastel-bonhomme-de-neige","status":"publish","type":"product","link":"https:\/\/pop-co.fr\/index.php\/product\/portefeuille-loungefly-disney-mickey-mouse-et-minnie-mouse-pastel-bonhomme-de-neige\/","title":{"rendered":"PORTEFEUILLE LOUNGEFLY &#8211; DISNEY &#8211; Mickey Mouse et Minnie Mouse Pastel Bonhomme de Neige"},"content":{"rendered":"<p>Pr\u00eat pour un look aussi frais que la neige qui vient de tomber ? Le portefeuille zipp\u00e9 Mickey et Minnie Pastel Snowman de Loungefly apporte une touche de fra\u00eecheur \u00e0 votre garde-robe hivernale. Sur le devant, Mickey et Minnie Mouse prennent la forme d&rsquo;adorables bonshommes de neige. Des d\u00e9tails brod\u00e9s soulignent les traits de leur visage, tandis que des chapeaux, des manteaux et des \u00e9charpes mignons et douillets les recouvrent d&rsquo;une doublure en fausse fourrure. Au dos, un flocon de neige en relief pr\u00e9sente la silhouette embl\u00e9matique de Mickey au centre. Parfait pour partir \u00e0 l&rsquo;aventure dans la neige, ce portefeuille gardera vos effets personnels en s\u00e9curit\u00e9 pendant que vous patinerez avec style tout au long de la saison.<br \/>\nLe portefeuille zipp\u00e9 Mickey et Minnie Pastel Snowman de Loungefly est fabriqu\u00e9 en cuir v\u00e9g\u00e9talien (polyur\u00e9thane). Le portefeuille se ferme \u00e0 l&rsquo;aide d&rsquo;une fermeture \u00e9clair argent\u00e9e brillante et comporte quatre fentes pour les cartes ainsi qu&rsquo;une fente transparente pour la carte d&rsquo;identit\u00e9. Les autres caract\u00e9ristiques comprennent des d\u00e9tails appliqu\u00e9s, brod\u00e9s, en relief, des rubans, des pompons, des boutons et des imprim\u00e9s. Notez la doublure int\u00e9rieure coordonn\u00e9e et la fen\u00eatre d&rsquo;identification d\u00e9coup\u00e9e en forme de bonhomme de neige.<br \/>\nCe portefeuille est un produit Disney sous licence officielle.<\/p>\n","protected":false},"excerpt":{"rendered":"<p>Pr\u00eat pour un look aussi frais que la neige qui vient de tomber ? Le portefeuille zipp\u00e9 Mickey et Minnie Pastel Snowman de Loungefly apporte une touche de fra\u00eecheur \u00e0 votre garde-robe hivernale. Sur le devant, Mickey et Minnie Mouse prennent la forme d&rsquo;adorables bonshommes de neige. Des d\u00e9tails brod\u00e9s soulignent les traits de leur [&hellip;]<\/p>\n","protected":false},"featured_media":356160,"comment_status":"open","ping_status":"closed","template":"","meta":[],"product_cat":[47,48],"product_tag":[],"aioseo_notices":[],"jetpack_sharing_enabled":true,"_links":{"self":[{"href":"https:\/\/pop-co.fr\/index.php\/wp-json\/wp\/v2\/product\/3875"}],"collection":[{"href":"https:\/\/pop-co.fr\/index.php\/wp-json\/wp\/v2\/product"}],"about":[{"href":"https:\/\/pop-co.fr\/index.php\/wp-json\/wp\/v2\/types\/product"}],"replies":[{"embeddable":true,"href":"https:\/\/pop-co.fr\/index.php\/wp-json\/wp\/v2\/comments?post=3875"}],"version-history":[{"count":0,"href":"https:\/\/pop-co.fr\/index.php\/wp-json\/wp\/v2\/product\/3875\/revisions"}],"wp:featuredmedia":[{"embeddable":true,"href":"https:\/\/pop-co.fr\/index.php\/wp-json\/wp\/v2\/media\/356160"}],"wp:attachment":[{"href":"https:\/\/pop-co.fr\/index.php\/wp-json\/wp\/v2\/media?parent=3875"}],"wp:term":[{"taxonomy":"product_cat","embeddable":true,"href":"https:\/\/pop-co.fr\/index.php\/wp-json\/wp\/v2\/product_cat?post=3875"},{"taxonomy":"product_tag","embeddable":true,"href":"https:\/\/pop-co.fr\/index.php\/wp-json\/wp\/v2\/product_tag?post=3875"}],"curies":[{"name":"wp","href":"https:\/\/api.w.org\/{rel}","templated":true}]}}