{"id":3884,"date":"2024-02-20T18:37:47","date_gmt":"2024-02-20T17:37:47","guid":{"rendered":"https:\/\/pop-co.fr\/index.php\/product\/porte-cartes-loungefly-disney-winnie-lourson\/"},"modified":"2025-07-29T11:15:05","modified_gmt":"2025-07-29T09:15:05","slug":"porte-cartes-loungefly-disney-winnie-lourson","status":"publish","type":"product","link":"https:\/\/pop-co.fr\/index.php\/product\/porte-cartes-loungefly-disney-winnie-lourson\/","title":{"rendered":"PORTE CARTES LOUNGEFLY &#8211; DISNEY &#8211; Winnie l&rsquo;ourson"},"content":{"rendered":"<p>C&rsquo;est l&rsquo;heure du pique-nique dans le bois des r\u00eaves bleus ! Pr\u00e9parez vos bagages pour l&rsquo;aventure avec le porte-cartes Winnie l&rsquo;ourson de Loungefly, qui prend la forme d&rsquo;un thermos pour la bo\u00eete \u00e0 lunch. Sur le devant, Winnie et Tigrou accompagnent quatre fentes pour les cartes. Au dos, Winnie, Porcinet, Bourriquet et Tigrou apparaissent sous le logo Winnie l&rsquo;Ourson de Disney. Avec beaucoup d&rsquo;espace pour transporter l&rsquo;essentiel, cet accessoire est un compl\u00e9ment fantaisiste \u00e0 toute sortie.<br \/>\nLe porte-cartes Loungefly Winnie the Pooh Mug est fabriqu\u00e9 en cuir v\u00e9g\u00e9talien (polyur\u00e9thane). Les caract\u00e9ristiques suppl\u00e9mentaires comprennent des d\u00e9tails appliqu\u00e9s, d\u00e9boss\u00e9s et imprim\u00e9s. Notez la doublure int\u00e9rieure coordonn\u00e9e.<br \/>\nCe porte-cartes est un produit Disney sous licence officielle.<\/p>\n","protected":false},"excerpt":{"rendered":"<p>C&rsquo;est l&rsquo;heure du pique-nique dans le bois des r\u00eaves bleus ! Pr\u00e9parez vos bagages pour l&rsquo;aventure avec le porte-cartes Winnie l&rsquo;ourson de Loungefly, qui prend la forme d&rsquo;un thermos pour la bo\u00eete \u00e0 lunch. Sur le devant, Winnie et Tigrou accompagnent quatre fentes pour les cartes. Au dos, Winnie, Porcinet, Bourriquet et Tigrou apparaissent sous [&hellip;]<\/p>\n","protected":false},"featured_media":356156,"comment_status":"open","ping_status":"closed","template":"","meta":[],"product_cat":[47,48],"product_tag":[],"aioseo_notices":[],"jetpack_sharing_enabled":true,"_links":{"self":[{"href":"https:\/\/pop-co.fr\/index.php\/wp-json\/wp\/v2\/product\/3884"}],"collection":[{"href":"https:\/\/pop-co.fr\/index.php\/wp-json\/wp\/v2\/product"}],"about":[{"href":"https:\/\/pop-co.fr\/index.php\/wp-json\/wp\/v2\/types\/product"}],"replies":[{"embeddable":true,"href":"https:\/\/pop-co.fr\/index.php\/wp-json\/wp\/v2\/comments?post=3884"}],"version-history":[{"count":0,"href":"https:\/\/pop-co.fr\/index.php\/wp-json\/wp\/v2\/product\/3884\/revisions"}],"wp:featuredmedia":[{"embeddable":true,"href":"https:\/\/pop-co.fr\/index.php\/wp-json\/wp\/v2\/media\/356156"}],"wp:attachment":[{"href":"https:\/\/pop-co.fr\/index.php\/wp-json\/wp\/v2\/media?parent=3884"}],"wp:term":[{"taxonomy":"product_cat","embeddable":true,"href":"https:\/\/pop-co.fr\/index.php\/wp-json\/wp\/v2\/product_cat?post=3884"},{"taxonomy":"product_tag","embeddable":true,"href":"https:\/\/pop-co.fr\/index.php\/wp-json\/wp\/v2\/product_tag?post=3884"}],"curies":[{"name":"wp","href":"https:\/\/api.w.org\/{rel}","templated":true}]}}