{"id":3889,"date":"2024-02-20T18:37:52","date_gmt":"2024-02-20T17:37:52","guid":{"rendered":"https:\/\/pop-co.fr\/index.php\/product\/chainsaw-man-power-bonus-edition-figurine-29cm\/"},"modified":"2024-02-20T18:37:52","modified_gmt":"2024-02-20T17:37:52","slug":"chainsaw-man-power-bonus-edition-figurine-29cm","status":"publish","type":"product","link":"https:\/\/pop-co.fr\/index.php\/product\/chainsaw-man-power-bonus-edition-figurine-29cm\/","title":{"rendered":"CHAINSAW MAN &#8211; Power Bonus Edition &#8211; Figurine 29cm"},"content":{"rendered":"<p>Statuette ARTFXJ 1\/8 29cm<\/p>\n<p>Statuette en PVC \u00e0 l\u00b4\u00e9chelle 1\/8 taille env. 29 cm, livr\u00e9e en emballage bo\u00eete-fen\u00eatre.<\/p>\n<p>Bonus : partie de visage alternative<\/p>\n","protected":false},"excerpt":{"rendered":"<p>Statuette ARTFXJ 1\/8 29cm Statuette en PVC \u00e0 l\u00b4\u00e9chelle 1\/8 taille env. 29 cm, livr\u00e9e en emballage bo\u00eete-fen\u00eatre. Bonus : partie de visage alternative<\/p>\n","protected":false},"featured_media":3885,"comment_status":"open","ping_status":"closed","template":"","meta":[],"product_cat":[17,18],"product_tag":[],"aioseo_notices":[],"jetpack_sharing_enabled":true,"_links":{"self":[{"href":"https:\/\/pop-co.fr\/index.php\/wp-json\/wp\/v2\/product\/3889"}],"collection":[{"href":"https:\/\/pop-co.fr\/index.php\/wp-json\/wp\/v2\/product"}],"about":[{"href":"https:\/\/pop-co.fr\/index.php\/wp-json\/wp\/v2\/types\/product"}],"replies":[{"embeddable":true,"href":"https:\/\/pop-co.fr\/index.php\/wp-json\/wp\/v2\/comments?post=3889"}],"version-history":[{"count":0,"href":"https:\/\/pop-co.fr\/index.php\/wp-json\/wp\/v2\/product\/3889\/revisions"}],"wp:featuredmedia":[{"embeddable":true,"href":"https:\/\/pop-co.fr\/index.php\/wp-json\/wp\/v2\/media\/3885"}],"wp:attachment":[{"href":"https:\/\/pop-co.fr\/index.php\/wp-json\/wp\/v2\/media?parent=3889"}],"wp:term":[{"taxonomy":"product_cat","embeddable":true,"href":"https:\/\/pop-co.fr\/index.php\/wp-json\/wp\/v2\/product_cat?post=3889"},{"taxonomy":"product_tag","embeddable":true,"href":"https:\/\/pop-co.fr\/index.php\/wp-json\/wp\/v2\/product_tag?post=3889"}],"curies":[{"name":"wp","href":"https:\/\/api.w.org\/{rel}","templated":true}]}}