{"id":3893,"date":"2024-02-20T18:37:56","date_gmt":"2024-02-20T17:37:56","guid":{"rendered":"https:\/\/pop-co.fr\/index.php\/product\/nendoroid-mha-hawks\/"},"modified":"2025-07-29T11:14:58","modified_gmt":"2025-07-29T09:14:58","slug":"nendoroid-mha-hawks","status":"publish","type":"product","link":"https:\/\/pop-co.fr\/index.php\/product\/nendoroid-mha-hawks\/","title":{"rendered":"NENDOROID &#8211; MHA &#8211; Hawks"},"content":{"rendered":"<p>Figurine Nendoroid 10cm<\/p>\n<p>De la s\u00e9rie anim\u00e9e \u00ab\u00a0My Hero Academia\u00a0\u00bb vient un Nendoroid de l&rsquo;extraordinairement rapide H\u00e9ros Ail\u00e9 : Hawks.<\/p>\n<p>Les visages :<br \/>\n&#8211; Visage d\u00e9termin\u00e9<br \/>\n&#8211; Visage de combat<br \/>\n&#8211; Visage souriant<\/p>\n<p>Pi\u00e8ces optionnelles :<br \/>\n&#8211; Lames de plumes<br \/>\n&#8211; Plaque de texte SLASH !<br \/>\n&#8211; Autres pi\u00e8ces optionnelles pour diff\u00e9rentes poses.<\/p>\n<p>Sculpteur : Shichibee (Mod\u00e8le Matsuda)<\/p>\n<p>Sp\u00e9cifications :<\/p>\n<p>Figurine articul\u00e9e en plastique peint, sans \u00e9chelle, avec support inclus. Environ 100mm (3,93in) de hauteur.<\/p>\n","protected":false},"excerpt":{"rendered":"<p>Figurine Nendoroid 10cm De la s\u00e9rie anim\u00e9e \u00ab\u00a0My Hero Academia\u00a0\u00bb vient un Nendoroid de l&rsquo;extraordinairement rapide H\u00e9ros Ail\u00e9 : Hawks. Les visages : &#8211; Visage d\u00e9termin\u00e9 &#8211; Visage de combat &#8211; Visage souriant Pi\u00e8ces optionnelles : &#8211; Lames de plumes &#8211; Plaque de texte SLASH ! &#8211; Autres pi\u00e8ces optionnelles pour diff\u00e9rentes poses. Sculpteur : [&hellip;]<\/p>\n","protected":false},"featured_media":356151,"comment_status":"open","ping_status":"closed","template":"","meta":[],"product_cat":[17,26],"product_tag":[],"aioseo_notices":[],"jetpack_sharing_enabled":true,"_links":{"self":[{"href":"https:\/\/pop-co.fr\/index.php\/wp-json\/wp\/v2\/product\/3893"}],"collection":[{"href":"https:\/\/pop-co.fr\/index.php\/wp-json\/wp\/v2\/product"}],"about":[{"href":"https:\/\/pop-co.fr\/index.php\/wp-json\/wp\/v2\/types\/product"}],"replies":[{"embeddable":true,"href":"https:\/\/pop-co.fr\/index.php\/wp-json\/wp\/v2\/comments?post=3893"}],"version-history":[{"count":0,"href":"https:\/\/pop-co.fr\/index.php\/wp-json\/wp\/v2\/product\/3893\/revisions"}],"wp:featuredmedia":[{"embeddable":true,"href":"https:\/\/pop-co.fr\/index.php\/wp-json\/wp\/v2\/media\/356151"}],"wp:attachment":[{"href":"https:\/\/pop-co.fr\/index.php\/wp-json\/wp\/v2\/media?parent=3893"}],"wp:term":[{"taxonomy":"product_cat","embeddable":true,"href":"https:\/\/pop-co.fr\/index.php\/wp-json\/wp\/v2\/product_cat?post=3893"},{"taxonomy":"product_tag","embeddable":true,"href":"https:\/\/pop-co.fr\/index.php\/wp-json\/wp\/v2\/product_tag?post=3893"}],"curies":[{"name":"wp","href":"https:\/\/api.w.org\/{rel}","templated":true}]}}