{"id":3900,"date":"2024-02-20T18:38:04","date_gmt":"2024-02-20T17:38:04","guid":{"rendered":"https:\/\/pop-co.fr\/index.php\/product\/pokemon-pop-n595-rattata\/"},"modified":"2025-07-29T11:14:41","modified_gmt":"2025-07-29T09:14:41","slug":"pokemon-pop-n595-rattata","status":"publish","type":"product","link":"https:\/\/pop-co.fr\/index.php\/product\/pokemon-pop-n595-rattata\/","title":{"rendered":"POKEMON &#8211; POP N\u00b0595 Rattata"},"content":{"rendered":"<p>Ton r\u00eave de devenir entra\u00eeneur n&rsquo;est pas hors de port\u00e9e ! Attrape cette Pop ! Rattata exclusif \u00e0 ajouter \u00e0 ta collection de Pok\u00e9mon.<\/p>\n","protected":false},"excerpt":{"rendered":"<p>Ton r\u00eave de devenir entra\u00eeneur n&rsquo;est pas hors de port\u00e9e ! Attrape cette Pop ! Rattata exclusif \u00e0 ajouter \u00e0 ta collection de Pok\u00e9mon.<\/p>\n","protected":false},"featured_media":356148,"comment_status":"open","ping_status":"closed","template":"","meta":[],"product_cat":[34,20],"product_tag":[],"aioseo_notices":[],"jetpack_sharing_enabled":true,"_links":{"self":[{"href":"https:\/\/pop-co.fr\/index.php\/wp-json\/wp\/v2\/product\/3900"}],"collection":[{"href":"https:\/\/pop-co.fr\/index.php\/wp-json\/wp\/v2\/product"}],"about":[{"href":"https:\/\/pop-co.fr\/index.php\/wp-json\/wp\/v2\/types\/product"}],"replies":[{"embeddable":true,"href":"https:\/\/pop-co.fr\/index.php\/wp-json\/wp\/v2\/comments?post=3900"}],"version-history":[{"count":0,"href":"https:\/\/pop-co.fr\/index.php\/wp-json\/wp\/v2\/product\/3900\/revisions"}],"wp:featuredmedia":[{"embeddable":true,"href":"https:\/\/pop-co.fr\/index.php\/wp-json\/wp\/v2\/media\/356148"}],"wp:attachment":[{"href":"https:\/\/pop-co.fr\/index.php\/wp-json\/wp\/v2\/media?parent=3900"}],"wp:term":[{"taxonomy":"product_cat","embeddable":true,"href":"https:\/\/pop-co.fr\/index.php\/wp-json\/wp\/v2\/product_cat?post=3900"},{"taxonomy":"product_tag","embeddable":true,"href":"https:\/\/pop-co.fr\/index.php\/wp-json\/wp\/v2\/product_tag?post=3900"}],"curies":[{"name":"wp","href":"https:\/\/api.w.org\/{rel}","templated":true}]}}