{"id":3904,"date":"2024-02-20T18:38:09","date_gmt":"2024-02-20T17:38:09","guid":{"rendered":"https:\/\/pop-co.fr\/index.php\/product\/pokemon-pop-n780-miaouss\/"},"modified":"2025-08-20T17:32:34","modified_gmt":"2025-08-20T15:32:34","slug":"pokemon-pop-n780-miaouss","status":"publish","type":"product","link":"https:\/\/pop-co.fr\/index.php\/product\/pokemon-pop-n780-miaouss\/","title":{"rendered":"POKEMON &#8211; POP N\u00b0780 Miaouss"},"content":{"rendered":"<p>Ton r\u00eave de devenir entra\u00eeneur n&rsquo;est pas hors de port\u00e9e ! Attrape cette Pop ! Miaous pour compl\u00e9ter ta collection de Pok\u00e9mon.<\/p>\n","protected":false},"excerpt":{"rendered":"<p>Ton r\u00eave de devenir entra\u00eeneur n&rsquo;est pas hors de port\u00e9e ! Attrape cette Pop ! Miaous pour compl\u00e9ter ta collection de Pok\u00e9mon.<\/p>\n","protected":false},"featured_media":357512,"comment_status":"open","ping_status":"closed","template":"","meta":[],"product_cat":[34,20],"product_tag":[],"aioseo_notices":[],"jetpack_sharing_enabled":true,"_links":{"self":[{"href":"https:\/\/pop-co.fr\/index.php\/wp-json\/wp\/v2\/product\/3904"}],"collection":[{"href":"https:\/\/pop-co.fr\/index.php\/wp-json\/wp\/v2\/product"}],"about":[{"href":"https:\/\/pop-co.fr\/index.php\/wp-json\/wp\/v2\/types\/product"}],"replies":[{"embeddable":true,"href":"https:\/\/pop-co.fr\/index.php\/wp-json\/wp\/v2\/comments?post=3904"}],"version-history":[{"count":0,"href":"https:\/\/pop-co.fr\/index.php\/wp-json\/wp\/v2\/product\/3904\/revisions"}],"wp:featuredmedia":[{"embeddable":true,"href":"https:\/\/pop-co.fr\/index.php\/wp-json\/wp\/v2\/media\/357512"}],"wp:attachment":[{"href":"https:\/\/pop-co.fr\/index.php\/wp-json\/wp\/v2\/media?parent=3904"}],"wp:term":[{"taxonomy":"product_cat","embeddable":true,"href":"https:\/\/pop-co.fr\/index.php\/wp-json\/wp\/v2\/product_cat?post=3904"},{"taxonomy":"product_tag","embeddable":true,"href":"https:\/\/pop-co.fr\/index.php\/wp-json\/wp\/v2\/product_tag?post=3904"}],"curies":[{"name":"wp","href":"https:\/\/api.w.org\/{rel}","templated":true}]}}